{"id":999,"date":"2019-03-13T14:40:37","date_gmt":"2019-03-13T13:40:37","guid":{"rendered":"https:\/\/churchofgodinchristmennonite.net\/missions\/"},"modified":"2019-03-13T14:40:37","modified_gmt":"2019-03-13T13:40:37","slug":"missions","status":"publish","type":"page","link":"https:\/\/churchofgodinchristmennonite.net\/fr\/service-communautaire-et-programmes-daide\/missions\/","title":{"rendered":"Missions"},"content":{"rendered":"<p>Voici la liste des organisations charg\u00e9es des projets d\u2019\u00e9vang\u00e9lisation autres que ceux mis en \u0153uvre localement par les assembl\u00e9es.<\/p>\n<ul>\n<li>Le Comit\u00e9 g\u00e9n\u00e9ral des missions (General Mission Board) est responsable de l\u2019\u0153uvre dans tous les pays sauf les suivants, qui ont leur propre programme de mission national.<\/li>\n<li>Missions Canada<\/li>\n<li>Missions \u00c9tats-Unis<\/li>\n<li>Comit\u00e9 de missions du Br\u00e9sil<\/li>\n<li>Comit\u00e9 de missions d\u2019Ha\u00efti<\/li>\n<li>Comit\u00e9 de missions du Nig\u00e9ria<\/li>\n<\/ul>\n","protected":false},"excerpt":{"rendered":"<p>Voici la liste des organisations charg\u00e9es des projets d\u2019\u00e9vang\u00e9lisation autres que ceux mis en \u0153uvre localement par les assembl\u00e9es. Le Comit\u00e9 g\u00e9n\u00e9ral des missions (General Mission Board) est responsable de l\u2019\u0153uvre dans tous les pays sauf les suivants, qui ont leur propre programme de mission national. Missions Canada Missions \u00c9tats-Unis Comit\u00e9 de missions du Br\u00e9sil [&hellip;]<\/p>\n","protected":false},"author":5,"featured_media":0,"parent":1006,"menu_order":4,"comment_status":"closed","ping_status":"closed","template":"","meta":{"footnotes":""},"class_list":["post-999","page","type-page","status-publish","hentry"],"_links":{"self":[{"href":"https:\/\/churchofgodinchristmennonite.net\/fr\/wp-json\/wp\/v2\/pages\/999","targetHints":{"allow":["GET"]}}],"collection":[{"href":"https:\/\/churchofgodinchristmennonite.net\/fr\/wp-json\/wp\/v2\/pages"}],"about":[{"href":"https:\/\/churchofgodinchristmennonite.net\/fr\/wp-json\/wp\/v2\/types\/page"}],"author":[{"embeddable":true,"href":"https:\/\/churchofgodinchristmennonite.net\/fr\/wp-json\/wp\/v2\/users\/5"}],"replies":[{"embeddable":true,"href":"https:\/\/churchofgodinchristmennonite.net\/fr\/wp-json\/wp\/v2\/comments?post=999"}],"version-history":[{"count":0,"href":"https:\/\/churchofgodinchristmennonite.net\/fr\/wp-json\/wp\/v2\/pages\/999\/revisions"}],"up":[{"embeddable":true,"href":"https:\/\/churchofgodinchristmennonite.net\/fr\/wp-json\/wp\/v2\/pages\/1006"}],"wp:attachment":[{"href":"https:\/\/churchofgodinchristmennonite.net\/fr\/wp-json\/wp\/v2\/media?parent=999"}],"curies":[{"name":"wp","href":"https:\/\/api.w.org\/{rel}","templated":true}]}}