{"id":990,"date":"2019-03-13T14:28:21","date_gmt":"2019-03-13T13:28:21","guid":{"rendered":"https:\/\/churchofgodinchristmennonite.net\/secours-international\/"},"modified":"2019-03-13T14:28:21","modified_gmt":"2019-03-13T13:28:21","slug":"secours-international","status":"publish","type":"page","link":"https:\/\/churchofgodinchristmennonite.net\/fr\/service-communautaire-et-programmes-daide\/secours-international\/","title":{"rendered":"Secours international"},"content":{"rendered":"<p><strong>Service humanitaire international \/ Service chr\u00e9tien international<\/strong><\/p>\n<p><strong>But<\/strong> : Le but du Service humanitaire international est d\u2019all\u00e9ger les souffrances et de subvenir \u00e0 des besoins imm\u00e9diats et \u00e0 long terme, en apportant une aide humanitaire ainsi que des services de r\u00e9habilitation apr\u00e8s des sinistres, des famines, des calamit\u00e9s et toute autre cause de souffrances. Il entreprend aussi des projets ou des services de d\u00e9veloppement communautaire afin d\u2019am\u00e9liorer les conditions de vie dans des r\u00e9gions en besoin.<\/p>\n<p><strong>Mandat<\/strong> : les services parrain\u00e9s ou financ\u00e9s comprennent le traitement de la tuberculose, des soins pour l\u00e9preux, des distributions alimentaires, la construction de latrines, l\u2019am\u00e9lioration de l\u2019hygi\u00e8ne ou encore des chirurgies pour r\u00e9parer les d\u00e9formations telles que le bec-de-li\u00e8vre. Les projets de d\u00e9veloppement communautaire comprennent la construction d\u2019aqueducs, l\u2019installation de citernes, la construction de ponts pi\u00e9tonniers, ainsi que d\u2019autres projets, parfois sous la forme de projets \u00ab\u00a0vivres contre travail\u00a0\u00bb.<\/p>\n<p><strong>Pays vis\u00e9s<\/strong> : le Bangladesh, le Belize, la Birmanie, le Burkina Faso, la Chine, les \u00c9tats-Unis, l\u2019\u00c9thiopie, le Ghana, le Guatemala, Ha\u00efti, l\u2019Inde, la Jama\u00efque, le Kenya, le Malawi, le Mozambique, le Mexique, le N\u00e9pal, le Nicaragua, le Nig\u00e9ria, l\u2019Ouganda, les Philippines, la R\u00e9publique Dominicaine, la Roumanie, la Tanzanie, la Zambie, le Zimbabwe, ainsi que certains pays de l\u2019ex-URSS tels que la Bi\u00e9lorussie, la Russie et l\u2019Ukraine. Certains projets ont \u00e9t\u00e9 mis en \u0153uvre sous l\u2019appellation \u00ab\u00a0Service chr\u00e9tien international\u00a0\u00bb.<\/p>\n","protected":false},"excerpt":{"rendered":"<p>Service humanitaire international \/ Service chr\u00e9tien international But : Le but du Service humanitaire international est d\u2019all\u00e9ger les souffrances et de subvenir \u00e0 des besoins imm\u00e9diats et \u00e0 long terme, en apportant une aide humanitaire ainsi que des services de r\u00e9habilitation apr\u00e8s des sinistres, des famines, des calamit\u00e9s et toute autre cause de souffrances. Il [&hellip;]<\/p>\n","protected":false},"author":5,"featured_media":0,"parent":1006,"menu_order":0,"comment_status":"closed","ping_status":"closed","template":"","meta":{"footnotes":""},"class_list":["post-990","page","type-page","status-publish","hentry"],"_links":{"self":[{"href":"https:\/\/churchofgodinchristmennonite.net\/fr\/wp-json\/wp\/v2\/pages\/990","targetHints":{"allow":["GET"]}}],"collection":[{"href":"https:\/\/churchofgodinchristmennonite.net\/fr\/wp-json\/wp\/v2\/pages"}],"about":[{"href":"https:\/\/churchofgodinchristmennonite.net\/fr\/wp-json\/wp\/v2\/types\/page"}],"author":[{"embeddable":true,"href":"https:\/\/churchofgodinchristmennonite.net\/fr\/wp-json\/wp\/v2\/users\/5"}],"replies":[{"embeddable":true,"href":"https:\/\/churchofgodinchristmennonite.net\/fr\/wp-json\/wp\/v2\/comments?post=990"}],"version-history":[{"count":0,"href":"https:\/\/churchofgodinchristmennonite.net\/fr\/wp-json\/wp\/v2\/pages\/990\/revisions"}],"up":[{"embeddable":true,"href":"https:\/\/churchofgodinchristmennonite.net\/fr\/wp-json\/wp\/v2\/pages\/1006"}],"wp:attachment":[{"href":"https:\/\/churchofgodinchristmennonite.net\/fr\/wp-json\/wp\/v2\/media?parent=990"}],"curies":[{"name":"wp","href":"https:\/\/api.w.org\/{rel}","templated":true}]}}