{"id":1044,"date":"2019-03-13T14:44:58","date_gmt":"2019-03-13T19:44:58","guid":{"rendered":"https:\/\/churchofgodinchristmennonite.net\/ou-nous-sommes\/"},"modified":"2019-11-29T13:03:30","modified_gmt":"2019-11-29T12:03:30","slug":"ou-nous-sommes","status":"publish","type":"page","link":"https:\/\/churchofgodinchristmennonite.net\/fr\/ou-nous-sommes\/","title":{"rendered":"O\u00f9 nous sommes"},"content":{"rendered":"\t\t<div data-elementor-type=\"wp-post\" data-elementor-id=\"1044\" class=\"elementor elementor-1044 elementor-343\" data-elementor-post-type=\"page\">\n\t\t\t\t\t\t<section class=\"elementor-section elementor-top-section elementor-element elementor-element-31f94cb2 elementor-section-boxed elementor-section-height-default elementor-section-height-default\" data-id=\"31f94cb2\" data-element_type=\"section\" data-e-type=\"section\">\n\t\t\t\t\t\t<div class=\"elementor-container elementor-column-gap-default\">\n\t\t\t\t\t<div class=\"elementor-column elementor-col-100 elementor-top-column elementor-element elementor-element-12f0af86\" data-id=\"12f0af86\" data-element_type=\"column\" data-e-type=\"column\">\n\t\t\t<div class=\"elementor-widget-wrap elementor-element-populated\">\n\t\t\t\t\t\t<div class=\"elementor-element elementor-element-4f3efdf7 elementor-widget elementor-widget-text-editor\" data-id=\"4f3efdf7\" data-element_type=\"widget\" data-e-type=\"widget\" data-widget_type=\"text-editor.default\">\n\t\t\t\t<div class=\"elementor-widget-container\">\n\t\t\t\t\t\t\t\t\t<p>Membres dans le monde entier \u00e0 la fin de 2018 : 26,648. Cette carte montre les pays dans lesquels nous sommes pr\u00e9sents. Cela inclut les \u00e9glises, ou les projets de mission parrain\u00e9s par Soci\u00e9t\u00e9 \u00e9vang\u00e9lique de bibles et trait\u00e9s, Christian Service International, Humanitarian Service International, ou Christian Public Service.<\/p>\n<p>Ceux qui voudraient trouver l\u2019\u00e9glise ou le projet de mission le plus proche sont bienvenus \u00e0 utiliser la page \u00ab Contactez-nous \u00bb pour demander cette information. Veuillez inclure votre pays ou votre localit\u00e9.<\/p>\n\t\t\t\t\t\t\t\t<\/div>\n\t\t\t\t<\/div>\n\t\t\t\t\t<\/div>\n\t\t<\/div>\n\t\t\t\t\t<\/div>\n\t\t<\/section>\n\t\t\t\t<section class=\"elementor-section elementor-top-section elementor-element elementor-element-1451816 elementor-section-boxed elementor-section-height-default elementor-section-height-default\" data-id=\"1451816\" data-element_type=\"section\" data-e-type=\"section\">\n\t\t\t\t\t\t<div class=\"elementor-container elementor-column-gap-default\">\n\t\t\t\t\t<div class=\"elementor-column elementor-col-100 elementor-top-column elementor-element elementor-element-00d1c32\" data-id=\"00d1c32\" data-element_type=\"column\" data-e-type=\"column\">\n\t\t\t<div class=\"elementor-widget-wrap elementor-element-populated\">\n\t\t\t\t\t\t<div class=\"elementor-element elementor-element-0c48317 elementor-widget elementor-widget-html\" data-id=\"0c48317\" data-element_type=\"widget\" data-e-type=\"widget\" data-widget_type=\"html.default\">\n\t\t\t\t<div class=\"elementor-widget-container\">\n\t\t\t\t\t<iframe src=\"https:\/\/api.mapbox.com\/styles\/v1\/dkwiebe\/ck1o5a67n1ie01cpmo5ttvjeb.html?access_token=pk.eyJ1IjoiZGt3aWViZSIsImEiOiJYMFltQjZZIn0.NeAFiqIWsMFGKNyFjc7uyw#1.0\/29.0148975\/-14.8919995\" frameborder=\"0\" width=\"100%\" height=\"500\"><\/iframe>\t\t\t\t<\/div>\n\t\t\t\t<\/div>\n\t\t\t\t\t<\/div>\n\t\t<\/div>\n\t\t\t\t\t<\/div>\n\t\t<\/section>\n\t\t\t\t<\/div>\n\t\t","protected":false},"excerpt":{"rendered":"<p>Membres dans le monde entier \u00e0 la fin de 2018 : 26,648. Cette carte montre les pays dans lesquels nous sommes pr\u00e9sents. Cela inclut les \u00e9glises, ou les projets de mission parrain\u00e9s par Soci\u00e9t\u00e9 \u00e9vang\u00e9lique de bibles et trait\u00e9s, Christian Service International, Humanitarian Service International, ou Christian Public Service. Ceux qui voudraient trouver l\u2019\u00e9glise ou [&hellip;]<\/p>\n","protected":false},"author":5,"featured_media":0,"parent":0,"menu_order":0,"comment_status":"closed","ping_status":"closed","template":"","meta":{"footnotes":""},"class_list":["post-1044","page","type-page","status-publish","hentry"],"_links":{"self":[{"href":"https:\/\/churchofgodinchristmennonite.net\/fr\/wp-json\/wp\/v2\/pages\/1044","targetHints":{"allow":["GET"]}}],"collection":[{"href":"https:\/\/churchofgodinchristmennonite.net\/fr\/wp-json\/wp\/v2\/pages"}],"about":[{"href":"https:\/\/churchofgodinchristmennonite.net\/fr\/wp-json\/wp\/v2\/types\/page"}],"author":[{"embeddable":true,"href":"https:\/\/churchofgodinchristmennonite.net\/fr\/wp-json\/wp\/v2\/users\/5"}],"replies":[{"embeddable":true,"href":"https:\/\/churchofgodinchristmennonite.net\/fr\/wp-json\/wp\/v2\/comments?post=1044"}],"version-history":[{"count":5,"href":"https:\/\/churchofgodinchristmennonite.net\/fr\/wp-json\/wp\/v2\/pages\/1044\/revisions"}],"predecessor-version":[{"id":1068,"href":"https:\/\/churchofgodinchristmennonite.net\/fr\/wp-json\/wp\/v2\/pages\/1044\/revisions\/1068"}],"wp:attachment":[{"href":"https:\/\/churchofgodinchristmennonite.net\/fr\/wp-json\/wp\/v2\/media?parent=1044"}],"curies":[{"name":"wp","href":"https:\/\/api.w.org\/{rel}","templated":true}]}}