{"id":1042,"date":"2019-03-13T14:44:21","date_gmt":"2019-03-13T13:44:21","guid":{"rendered":"https:\/\/churchofgodinchristmennonite.net\/publication-agencies-fr\/gospel-publishers-books-fr\/"},"modified":"2021-08-21T10:44:08","modified_gmt":"2021-08-21T15:44:08","slug":"gospel-publishers-books-fr","status":"publish","type":"page","link":"https:\/\/churchofgodinchristmennonite.net\/fr\/publication-agencies-fr\/gospel-publishers-books-fr\/","title":{"rendered":"Livres des \u00c9ditions de l\u2019\u00c9vangile"},"content":{"rendered":"\t\t<div data-elementor-type=\"wp-page\" data-elementor-id=\"1042\" class=\"elementor elementor-1042 elementor-341\" data-elementor-post-type=\"page\">\n\t\t\t\t\t\t<section class=\"elementor-section elementor-top-section elementor-element elementor-element-660973d8 elementor-section-boxed elementor-section-height-default elementor-section-height-default\" data-id=\"660973d8\" data-element_type=\"section\" data-e-type=\"section\">\n\t\t\t\t\t\t<div class=\"elementor-container elementor-column-gap-default\">\n\t\t\t\t\t<div class=\"elementor-column elementor-col-100 elementor-top-column elementor-element elementor-element-14987aff\" data-id=\"14987aff\" data-element_type=\"column\" data-e-type=\"column\">\n\t\t\t<div class=\"elementor-widget-wrap elementor-element-populated\">\n\t\t\t\t\t\t<div class=\"elementor-element elementor-element-492f6289 elementor-widget elementor-widget-text-editor\" data-id=\"492f6289\" data-element_type=\"widget\" data-e-type=\"widget\" data-widget_type=\"text-editor.default\">\n\t\t\t\t<div class=\"elementor-widget-container\">\n\t\t\t\t\t\t\t\t\t<p><b><strong style=\"font-style: inherit;\"><i><em style=\"font-weight: inherit;\">\u00c0 propos des \u00c9ditions de l&rsquo;\u00c9vangile (Gospel Publishers)<\/em><\/i><\/strong><\/b><\/p>\n<p>Les \u00c9ditions de l&rsquo;\u00c9vangile constituent la maison d&rsquo;\u00c9dition confessionnelle qui publie et distribue des bibles, des recueils de cantiques, du mat\u00e9riel d&rsquo;\u00e9tude biblique et doctrinale et de nombreux livres sains et \u00e9difiants.<\/p>\n<p><strong><a href=\"https:\/\/gospelpublishers.com\/canada\/product-category\/non-english-publications\/french\/\" target=\"_blank\" rel=\"noopener\">Cliquez ici pour acc\u00e9der \u00e0 la page en fran\u00e7ais du site des \u00c9ditions de \u00c9vangile<\/a><\/strong>,\u00a0o\u00f9 vous pouvez trouver des informations suppl\u00e9mentaires ou acheter de nombreux autres livres.<\/p>\n<p><b><strong style=\"font-style: inherit;\"><i><em style=\"font-weight: inherit;\">Quelques livres disponibles aux \u00c9ditions de l&rsquo;\u00c9vangile<\/em><\/i><\/strong><\/b><\/p>\n<p><b><strong style=\"font-style: inherit;\">Livres souvent vendus:<\/strong><\/b><\/p>\n<ul>\n<li>Livrets d\u2019\u00e9cole du dimanche pour adultes, jeunes et enfants.<\/li>\n<li>Le voyage du p\u00e8lerin; L\u2019excellente histoire de Chr\u00e9tien, \u00e9crite par Bunyan. Ce livre a inspir\u00e9 d\u2019innombrables croyants depuis qu\u2019il a \u00e9t\u00e9 \u00e9crit dans une cellule de prison il y a de nombreuses ann\u00e9es.<\/li>\n<li>Un berger m\u00e9dite le Psaume 23; Directement de la plume de celui qui a pass\u00e9 une grande partie de sa vie \u00e0 d\u00e9velopper et \u00e0 g\u00e9rer des ranchs de moutons. L\u2019auteur jette un regard inspirant et rafra\u00eechissant sur l\u2019une des portions les mieux aim\u00e9es de l\u2019\u00c9criture.<\/li>\n<li>Voici mon h\u00e9ritage; Retrace l\u2019histoire et la lign\u00e9e de l\u2019\u00c9glise depuis la Pentec\u00f4te jusqu\u2019\u00e0 nos jours. Facile \u00e0 lire. Illustr\u00e9, avec des cartes et des chronologies. Broch\u00e9.<\/li>\n<li>L\u2019\u00c9glise ignor\u00e9e; Ce livre cite de nombreuses sources historiques et est aussi cit\u00e9 par plusieurs auteurs de l\u2019\u00c9glise. Il int\u00e9ressera tous ceux qui \u00e9tudient et ch\u00e9rissent l\u2019histoire de l\u2019\u00c9glise de Dieu.<\/li>\n<\/ul>\n<p>Nous proposons de nombreux autres livres, surtout en anglais et dans quelques autres langues. Notre \u00e9ventail en fran\u00e7ais continue de s\u2019accro\u00eetre<\/p>\n<p><b><strong style=\"font-style: inherit;\">Recueils de chants:<\/strong><\/b><\/p>\n<ul>\n<li>S\u00e9lections d\u2019Hymnes Chr\u00e9tiens; 170 cantiques sans droit d\u2019auteur s\u00e9lectionn\u00e9s pour \u00eatre chant\u00e9s lors de r\u00e9unions d\u2019\u00e9vang\u00e9lisation et toute autre occasion d\u2019adorer Dieu; broch\u00e9.<\/li>\n<li>Hymnes Chr\u00e9tiens; 496 cantiques, inclut presque tous les cantiques bien connus, ainsi que quelques perles rares et des cantiques nouveaux. Disponible bient\u00f4t.<\/li>\n<\/ul>\n<p>Nous proposons de nombreux recueils de chants en anglais et quelques-uns en cr\u00e9ole, en espagnol et en plautdietsch.<\/p>\n<p><b><strong style=\"font-style: inherit;\">Autres livres int\u00e9ressants:<\/strong><\/b><\/p>\n<ul>\n<li>Un berger apprend les le\u00e7ons d\u2019un chien de berger<\/li>\n<li>Dans le ventre de la baleine<\/li>\n<li>Le d\u00e9fi de la vie chr\u00e9tienne<\/li>\n<li>Une \u00e9tude de la doctrine chr\u00e9tienne<\/li>\n<li>Doctrine et pratique bibliques<\/li>\n<li>Les Trente-trois articles de foi<\/li>\n<li>Au pays du soleil<\/li>\n<li>Un miroir du bapt\u00eame<\/li>\n<\/ul>\n<p><a href=\"https:\/\/gospelpublishers.com\/canada\/contact-us\/\">Contacter les \u00c9ditions de l\u2019\u00c9vangile<\/a><\/p>\n\t\t\t\t\t\t\t\t<\/div>\n\t\t\t\t<\/div>\n\t\t\t\t\t<\/div>\n\t\t<\/div>\n\t\t\t\t\t<\/div>\n\t\t<\/section>\n\t\t\t\t<\/div>\n\t\t","protected":false},"excerpt":{"rendered":"<p>\u00c0 propos des \u00c9ditions de l&rsquo;\u00c9vangile (Gospel Publishers) Les \u00c9ditions de l&rsquo;\u00c9vangile constituent la maison d&rsquo;\u00c9dition confessionnelle qui publie et distribue des bibles, des recueils de cantiques, du mat\u00e9riel d&rsquo;\u00e9tude biblique et doctrinale et de nombreux livres sains et \u00e9difiants. Cliquez ici pour acc\u00e9der \u00e0 la page en fran\u00e7ais du site des \u00c9ditions de \u00c9vangile,\u00a0o\u00f9 [&hellip;]<\/p>\n","protected":false},"author":5,"featured_media":0,"parent":1040,"menu_order":0,"comment_status":"closed","ping_status":"closed","template":"","meta":{"footnotes":""},"class_list":["post-1042","page","type-page","status-publish","hentry"],"_links":{"self":[{"href":"https:\/\/churchofgodinchristmennonite.net\/fr\/wp-json\/wp\/v2\/pages\/1042","targetHints":{"allow":["GET"]}}],"collection":[{"href":"https:\/\/churchofgodinchristmennonite.net\/fr\/wp-json\/wp\/v2\/pages"}],"about":[{"href":"https:\/\/churchofgodinchristmennonite.net\/fr\/wp-json\/wp\/v2\/types\/page"}],"author":[{"embeddable":true,"href":"https:\/\/churchofgodinchristmennonite.net\/fr\/wp-json\/wp\/v2\/users\/5"}],"replies":[{"embeddable":true,"href":"https:\/\/churchofgodinchristmennonite.net\/fr\/wp-json\/wp\/v2\/comments?post=1042"}],"version-history":[{"count":3,"href":"https:\/\/churchofgodinchristmennonite.net\/fr\/wp-json\/wp\/v2\/pages\/1042\/revisions"}],"predecessor-version":[{"id":1608,"href":"https:\/\/churchofgodinchristmennonite.net\/fr\/wp-json\/wp\/v2\/pages\/1042\/revisions\/1608"}],"up":[{"embeddable":true,"href":"https:\/\/churchofgodinchristmennonite.net\/fr\/wp-json\/wp\/v2\/pages\/1040"}],"wp:attachment":[{"href":"https:\/\/churchofgodinchristmennonite.net\/fr\/wp-json\/wp\/v2\/media?parent=1042"}],"curies":[{"name":"wp","href":"https:\/\/api.w.org\/{rel}","templated":true}]}}