{"id":1006,"date":"2019-03-12T04:32:59","date_gmt":"2019-03-12T03:32:59","guid":{"rendered":"https:\/\/churchofgodinchristmennonite.net\/service-communautaire-et-programmes-daide\/"},"modified":"2019-11-27T11:26:13","modified_gmt":"2019-11-27T10:26:13","slug":"service-communautaire-et-programmes-daide","status":"publish","type":"page","link":"https:\/\/churchofgodinchristmennonite.net\/fr\/service-communautaire-et-programmes-daide\/","title":{"rendered":"Service communautaire et programmes d\u2019aide"},"content":{"rendered":"\t\t<div data-elementor-type=\"wp-post\" data-elementor-id=\"1006\" class=\"elementor elementor-1006 elementor-51\" data-elementor-post-type=\"page\">\n\t\t\t\t\t\t<section class=\"elementor-section elementor-top-section elementor-element elementor-element-4974c40e elementor-section-boxed elementor-section-height-default elementor-section-height-default\" data-id=\"4974c40e\" data-element_type=\"section\" data-e-type=\"section\">\n\t\t\t\t\t\t<div class=\"elementor-container elementor-column-gap-default\">\n\t\t\t\t\t<div class=\"elementor-column elementor-col-100 elementor-top-column elementor-element elementor-element-73ee7db\" data-id=\"73ee7db\" data-element_type=\"column\" data-e-type=\"column\">\n\t\t\t<div class=\"elementor-widget-wrap elementor-element-populated\">\n\t\t\t\t\t\t<div class=\"elementor-element elementor-element-7c92725d elementor-widget elementor-widget-text-editor\" data-id=\"7c92725d\" data-element_type=\"widget\" data-e-type=\"widget\" data-widget_type=\"text-editor.default\">\n\t\t\t\t<div class=\"elementor-widget-container\">\n\t\t\t\t\t\t\t\t\t<p>Nous avons plusieurs organisations pour de l\u2019aide humanitaire, du secours aux sinistr\u00e9s et des services de b\u00e9n\u00e9voles.<\/p>\n<h3>Secours chr\u00e9tien aux sinistr\u00e9s (Christian Disaster Relief, Inc.)<\/h3>\n<p>Mandat : secours imm\u00e9diat apr\u00e8s le passage de tornades, de feux, d&rsquo;inondations, d&rsquo;ouragans et toute autre catastrophe, au Canada, aux \u00c9tats-Unis et parfois ailleurs. Le CDR ne g\u00e8re pas de projets permanents ; toutes ses op\u00e9rations sont \u00e0 court terme, et ne r\u00e9pondent qu&rsquo;\u00e0 des besoins imm\u00e9diats.<\/p>\n<p>Personnel : des b\u00e9n\u00e9voles qui se d\u00e9placent pour une dur\u00e9e variant habituellement entre quelques jours et quelques semaines.<\/p>\n<p>Financement : cotisations des membres, dons, subventions, ainsi que du financement provenant de la Fondation Schowalter.<\/p>\n<p>Commentaires additionnels : Des repr\u00e9sentants du CDR sont \u00e9lus dans chaque assembl\u00e9e au Canada et aux \u00c9tats-Unis. Ces repr\u00e9sentants locaux r\u00e9pondent de leurs activit\u00e9s au comit\u00e9 central du CDR qui \u00e0 son tour r\u00e9pond \u00e0 toute l&rsquo;\u00c9glise. Ce syst\u00e8me permet de mobiliser des b\u00e9n\u00e9voles rapidement avec une structure et des responsables en place. Christian Disaster Relief Inc. est une association sans but lucratif.<\/p>\n<h3>Service public chr\u00e9tien Canada (Christian Public Service, Canada)<\/h3>\n<p>Mandat : diriger des centres de b\u00e9n\u00e9volat pour jeunes hommes ainsi que pour jeunes femmes. Les centres pour jeunes hommes au Canada sont situ\u00e9s \u00e0 Saint-Jean de Terre-Neuve, \u00e0 Montr\u00e9al et \u00e0 Kelowna en Colombie-Britannique. Les jeunes hommes \u0153uvrent dans divers services communautaires, dont l&rsquo;assistance aux ain\u00e9s, les h\u00f4pitaux et la pr\u00e9paration et la distribution de nourriture aux d\u00e9munis. Les centres pour jeunes femmes sont situ\u00e9s \u00e0 Winnipeg, Edmonton, et Halifax. Elles \u0153uvrent dans de grands centres hospitaliers ainsi que dans d&rsquo;autres services \u00e0 la communaut\u00e9.<\/p>\n<p>Personnel : les jeunes b\u00e9n\u00e9voles s\u2019y engagent pendant six mois. Dans chaque centre, il y a quelques jeunes ainsi qu&rsquo;un couple qui dirige les projets.<\/p>\n<p>Financement : cotisations des membres, dons, et des collectes sp\u00e9ciales lorsqu&rsquo;il y a besoin de plus de ressources.<\/p>\n<p>Commentaires additionnels : Une importance primordiale est accord\u00e9e au principe de permettre aux jeunes adultes de passer par un temps de service b\u00e9n\u00e9vole, ce qui encourage la croissance personnelle, la maturit\u00e9, la cons\u00e9cration et les aptitudes de dirigeant. Nous consid\u00e9rons aussi que c&rsquo;est une mani\u00e8re importante de laisser un t\u00e9moignage de paix et de servir le pays.<\/p>\n<h3>Service public chr\u00e9tien \u00c9tats-Unis (Christian Public Service, USA)<\/h3>\n<p>Mandat : diriger des centres de b\u00e9n\u00e9volat pour jeunes hommes ainsi que pour jeunes femmes. Les centres pour jeunes hommes aux \u00c9tats-Unis sont situ\u00e9s \u00e0 Albuquerque au Nouveau-Mexique, \u00e0 Seattle au Washington, \u00e0 Hartford au Connecticut, \u00e0 Ingleside et Houston et Beaumont au Texas, \u00e0 Baton Rouge en Louisiane, \u00e0 Mullins en Caroline du Sud et \u00e0 Lewisburg en Virginie-Occidentale. Les jeunes hommes \u0153uvrent dans divers services communautaires, dont l&rsquo;assistance aux a\u00een\u00e9s, les h\u00f4pitaux, la pr\u00e9paration et la distribution de nourriture aux d\u00e9munis, l&rsquo;aide aux personnes handicap\u00e9es, la reconstruction dans les r\u00e9gions sinistr\u00e9es par des catastrophes telles que les ouragans. Dans les centres pour jeunes femmes situ\u00e9s \u00e0 Window Rock en Arizona, \u00e0 Gallup au Nouveau-Mexique, le CPS g\u00e8re des foyers pour les enfants ayant besoin d&rsquo;un abri temporaire ou de soins. Les enfants sont remis \u00e0 ces foyers par la police ou par les travailleurs sociaux. Dans les centres pour jeunes femmes de Rochester au Minnesota, de Columbia au Missouri et d\u2019Ann Arbor au Michigan, le travail inclut beaucoup de b\u00e9n\u00e9volat dans de grands centres hospitaliers et d&rsquo;autres services \u00e0 la communaut\u00e9.<\/p>\n<p>Personnel : les jeunes b\u00e9n\u00e9voles s\u2019y engagent pendant six mois \u00e0 un an. Dans chaque centre, il y a quelques jeunes ainsi qu&rsquo;un couple qui dirige les projets.<\/p>\n<p>Financement : cotisations des membres, dons, et des collectes sp\u00e9ciales lorsqu&rsquo;il y a besoin de plus de ressources.<\/p>\n<p>Commentaires additionnels : Une importance primordiale est accord\u00e9e au principe de permettre aux jeunes adultes de passer par un temps de service b\u00e9n\u00e9vole, ce qui encourage la croissance personnelle, la maturit\u00e9, la cons\u00e9cration et les aptitudes de dirigeant. Nous consid\u00e9rons aussi que c&rsquo;est une mani\u00e8re importante de laisser un t\u00e9moignage de paix et de servir le pays.<\/p>\n\t\t\t\t\t\t\t\t<\/div>\n\t\t\t\t<\/div>\n\t\t\t\t\t<\/div>\n\t\t<\/div>\n\t\t\t\t\t<\/div>\n\t\t<\/section>\n\t\t\t\t<\/div>\n\t\t","protected":false},"excerpt":{"rendered":"<p>Nous avons plusieurs organisations pour de l\u2019aide humanitaire, du secours aux sinistr\u00e9s et des services de b\u00e9n\u00e9voles. Secours chr\u00e9tien aux sinistr\u00e9s (Christian Disaster Relief, Inc.) Mandat : secours imm\u00e9diat apr\u00e8s le passage de tornades, de feux, d&rsquo;inondations, d&rsquo;ouragans et toute autre catastrophe, au Canada, aux \u00c9tats-Unis et parfois ailleurs. Le CDR ne g\u00e8re pas de [&hellip;]<\/p>\n","protected":false},"author":5,"featured_media":0,"parent":0,"menu_order":0,"comment_status":"closed","ping_status":"closed","template":"elementor_header_footer","meta":{"footnotes":""},"class_list":["post-1006","page","type-page","status-publish","hentry"],"_links":{"self":[{"href":"https:\/\/churchofgodinchristmennonite.net\/fr\/wp-json\/wp\/v2\/pages\/1006","targetHints":{"allow":["GET"]}}],"collection":[{"href":"https:\/\/churchofgodinchristmennonite.net\/fr\/wp-json\/wp\/v2\/pages"}],"about":[{"href":"https:\/\/churchofgodinchristmennonite.net\/fr\/wp-json\/wp\/v2\/types\/page"}],"author":[{"embeddable":true,"href":"https:\/\/churchofgodinchristmennonite.net\/fr\/wp-json\/wp\/v2\/users\/5"}],"replies":[{"embeddable":true,"href":"https:\/\/churchofgodinchristmennonite.net\/fr\/wp-json\/wp\/v2\/comments?post=1006"}],"version-history":[{"count":5,"href":"https:\/\/churchofgodinchristmennonite.net\/fr\/wp-json\/wp\/v2\/pages\/1006\/revisions"}],"predecessor-version":[{"id":1012,"href":"https:\/\/churchofgodinchristmennonite.net\/fr\/wp-json\/wp\/v2\/pages\/1006\/revisions\/1012"}],"wp:attachment":[{"href":"https:\/\/churchofgodinchristmennonite.net\/fr\/wp-json\/wp\/v2\/media?parent=1006"}],"curies":[{"name":"wp","href":"https:\/\/api.w.org\/{rel}","templated":true}]}}