{"id":1000,"date":"2019-03-12T17:33:37","date_gmt":"2019-03-12T16:33:37","guid":{"rendered":"https:\/\/churchofgodinchristmennonite.net\/qui-nous-sommes\/"},"modified":"2019-11-27T11:19:04","modified_gmt":"2019-11-27T10:19:04","slug":"qui-nous-sommes","status":"publish","type":"page","link":"https:\/\/churchofgodinchristmennonite.net\/fr\/qui-nous-sommes\/","title":{"rendered":"Qui nous sommes"},"content":{"rendered":"\t\t<div data-elementor-type=\"wp-post\" data-elementor-id=\"1000\" class=\"elementor elementor-1000 elementor-89\" data-elementor-post-type=\"page\">\n\t\t\t\t\t\t<section class=\"elementor-section elementor-top-section elementor-element elementor-element-21f36ddd elementor-section-boxed elementor-section-height-default elementor-section-height-default\" data-id=\"21f36ddd\" data-element_type=\"section\" data-e-type=\"section\">\n\t\t\t\t\t\t<div class=\"elementor-container elementor-column-gap-default\">\n\t\t\t\t\t<div class=\"elementor-column elementor-col-100 elementor-top-column elementor-element elementor-element-7ae3767\" data-id=\"7ae3767\" data-element_type=\"column\" data-e-type=\"column\">\n\t\t\t<div class=\"elementor-widget-wrap elementor-element-populated\">\n\t\t\t\t\t\t<div class=\"elementor-element elementor-element-5940eb5 elementor-widget elementor-widget-text-editor\" data-id=\"5940eb5\" data-element_type=\"widget\" data-e-type=\"widget\" data-widget_type=\"text-editor.default\">\n\t\t\t\t<div class=\"elementor-widget-container\">\n\t\t\t\t\t\t\t\t\t<p><span style=\"font-weight: 400;\">L\u2019\u00c9glise de Dieu en Christ mennonite est une \u00c9glise de taille modeste parmi les multiples d\u00e9nominations connues sous l\u2019appellation de \u00ab\u00a0mennonites\u00a0\u00bb. Nous nous effor\u00e7ons de suivre les enseignements de J\u00e9sus-Christ et de ses ap\u00f4tres tant concernant la foi que la mise en pratique. Cette foi a \u00e9t\u00e9 embrass\u00e9e au fil des si\u00e8cles par les vrais chr\u00e9tiens, parmi lesquels on trouve notamment les vaudois, bien que dans la discr\u00e9tion en raison de la pers\u00e9cution.\u00a0\u00a0<\/span><\/p>\n<p><span style=\"font-weight: 400;\">Le fondement de notre foi est la gr\u00e2ce de Dieu qui nous apporte le salut personnel \u00e0 travers la nouvelle naissance. Cette nouvelle naissance commence par la foi en J\u00e9sus-Christ, notre Sauveur, et a pour r\u00e9sultat la repentance du p\u00e9ch\u00e9 et l\u2019ob\u00e9issance aux pr\u00e9ceptes de Christ. Cette nouvelle vie en Christ nous unit dans la communion par l\u2019amour fraternel.\u00a0\u00a0<\/span><\/p>\n<p><span style=\"font-weight: 400;\">Nous croyons que le bapt\u00eame est r\u00e9serv\u00e9 aux croyants, qu\u2019il faut pratiquer la non-r\u00e9sistance et qu\u2019il faut mener une vie simple et humble. La Bible nous enseigne que les chr\u00e9tiens devraient \u00eatre s\u00e9par\u00e9s du monde (non conform\u00e9s) en esprit (attitude et vision) et dans leur mode de vie. Les chr\u00e9tiens appartiennent au royaume de Dieu, et Christ nous enseigne de vivre en paix avec nos prochains. Nous ne prenons aucune part dans la politique, ni dans les fonctions gouvernementales \u00e9lues, ni dans les forces arm\u00e9es. Nous enseignons que les hommes devraient porter une barbe, et que les femmes devraient porter un voile de d\u00e9votion sur la t\u00eate.<\/span><\/p>\n<h3><span style=\"font-weight: 400;\">L\u2019origine des mennonites<\/span><\/h3>\n<p><span style=\"font-weight: 400;\">Les mennonites descendent des anabaptistes, qui rejetaient le bapt\u00eame des nouveau-n\u00e9s et insistaient sur la validit\u00e9 exclusive du bapt\u00eame des croyants. Ils ont \u00e9t\u00e9 cruellement pers\u00e9cut\u00e9s tant par l\u2019\u00c9glise catholique que par les \u00c9glises protestantes, \u00e0 cause de leurs doctrines et de leur ind\u00e9pendance des \u00c9glises d\u2019\u00c9tat.<\/span><\/p>\n<p><span style=\"font-weight: 400;\">En 1536, Menno Simons, un pr\u00eatre catholique aux Pays-Bas, fut convaincu de ses p\u00e9ch\u00e9s et commen\u00e7a \u00e0 \u00e9tudier la Bible. Sa repentance et son abandon complet \u00e0 Dieu eurent comme r\u00e9sultat sa nouvelle naissance spirituelle. Il fut baptis\u00e9 par les anabaptistes et plus tard fut choisi pour \u00eatre ministre. \u00c9tant un homme dou\u00e9 mais humble, Menno Simons \u00e9tudia ardemment la Bible et devint un enseignant et un \u00e9crivain tr\u00e8s capable. C\u2019est \u00e0 cause de l\u2019influence de Menno Simons que les anabaptistes furent plus tard appel\u00e9s mennonites. Les anabaptistes-mennonites \u00e9taient connus pour leur adh\u00e9sion aux pr\u00e9ceptes de J\u00e9sus-Christ dans tous les domaines de la vie\u00a0: un langage pur, une tenue empreinte de modestie, la diligence dans le travail et les affaires, la puret\u00e9 morale, la s\u00e9paration d\u2019avec le monde et la non-r\u00e9sistance. La base de leur mode de vie \u00e9tait d\u2019insister sur le changement de c\u0153ur par une vraie conversion \u00e0 Christ.<\/span><\/p>\n<h3><span style=\"font-weight: 400;\">L\u2019\u00c9glise en Am\u00e9rique du Nord<\/span><\/h3>\n<p><span style=\"font-weight: 400;\">En raison de la pers\u00e9cution \u00e0 laquelle ils \u00e9taient expos\u00e9s et \u00e0 cause de leur d\u00e9sir de trouver la libert\u00e9 de pratiquer leur foi, des mennonites commenc\u00e8rent \u00e0 immigrer en Am\u00e9rique en 1683 et continu\u00e8rent jusqu\u2019au d\u00e9but du XX<\/span><span style=\"font-weight: 400;\">e<\/span><span style=\"font-weight: 400;\"> si\u00e8cle. Ils brav\u00e8rent les dangers de la vie de pionnier et furent connus comme \u00e9tant des gens paisibles et craignant Dieu, sobres et d\u00e9vots dans leur foi, industrieux et mod\u00e9r\u00e9s dans la vie quotidienne. Ils refus\u00e8rent sans broncher de participer \u00e0 toute violence, ce qui leur valut la r\u00e9putation d\u2019\u00c9glise de paix.<\/span><\/p>\n<p><span style=\"font-weight: 400;\">N\u00e9anmoins, une \u00e8re de prosp\u00e9rit\u00e9 et d\u2019\u00e9preuve entra\u00eena un d\u00e9clin spirituel. Au cours du XIX<\/span><span style=\"font-weight: 400;\">e<\/span><span style=\"font-weight: 400;\"> si\u00e8cle, il devint \u00e9vident pour certains mennonites que plusieurs des pratiques historiques \u00e9taient tomb\u00e9es dans l&rsquo;oubli. Parmi ceux qui plaidaient pour la foi historique, on trouve Jean (John) Holdeman (1832-1900), qui vivait dans le comt\u00e9 de Wayne, dans l&rsquo;Ohio. Il sentit de plus en plus que l&rsquo;\u00c9glise mennonite ne pratiquait plus la vraie doctrine \u00e0 de nombreux \u00e9gards. Il fit appel aux dirigeants de l&rsquo;\u00c9glise pour mettre en \u0153uvre un r\u00e9veil spirituel, mais bien que quelques-uns aient \u00e9t\u00e9 d&rsquo;accord avec son point de vue, il y eut peu d&rsquo;actions concr\u00e8tes pour r\u00e9former l&rsquo;\u00c9glise. En 1859, Jean et quelques autres membres de l&rsquo;\u00c9glise se mirent \u00e0 tenir des cultes s\u00e9par\u00e9ment de la vieille \u00c9glise. Avec le temps ce petit groupe s&rsquo;organisa et devint l&rsquo;\u00c9glise de Dieu en Christ, mennonite.<\/span><\/p>\n<h3><span style=\"font-weight: 400;\">L&rsquo;\u00c9glise de Dieu en Christ, mennonite<\/span><\/h3>\n<p><span style=\"font-weight: 400;\">Jean Holdeman \u00e9tait un \u00e9vang\u00e9liste, un enseignant et un \u00e9crivain inspir\u00e9 par le Saint-Esprit. Son \u0153uvre principale est le <\/span><i><span style=\"font-weight: 400;\">\u00ab\u00a0Mirror of Truth<\/span><\/i><span style=\"font-weight: 400;\">\u00a0\u00bb (Miroir de la v\u00e9rit\u00e9) un livre de doctrine tr\u00e8s appr\u00e9ci\u00e9 par l&rsquo;\u00c9glise jusqu&rsquo;\u00e0 nos jours. Il voyagea beaucoup en tant qu&rsquo;\u00e9vang\u00e9liste, et nombreux furent ceux qui v\u00e9curent une renaissance spirituelle apr\u00e8s avoir entendu ses pr\u00eaches et qui furent ensuite baptis\u00e9s. Plusieurs assembl\u00e9es furent \u00e9tablies aux \u00c9tats-Unis et au Canada.<\/span><\/p>\n<p><span style=\"font-weight: 400;\">Apr\u00e8s la mort de Jean Holdeman, l&rsquo;\u00c9glise continua \u00e0 cro\u00eetre. Au fur et \u00e0 mesure que le nombre de membres s&rsquo;accroissait, de nouvelles assembl\u00e9es se sont form\u00e9es dans la plupart des \u00e9tats et des provinces d&rsquo;Am\u00e9rique du Nord. L&rsquo;activit\u00e9 missionnaire fut organis\u00e9e davantage dans les ann\u00e9es 1930. Aujourd&rsquo;hui il y a des assembl\u00e9es et des missions en Am\u00e9rique du Nord, et dans plusieurs pays d&rsquo;Afrique, d&rsquo;Asie, d&rsquo;Am\u00e9rique latine, des Cara\u00efbes et d&rsquo;Europe. Bien que la plus importante concentration de membres reste en Am\u00e9rique du Nord, l&rsquo;\u00c9glise compte environ 25 000 membres dans le monde entier. Une grande partie des assembl\u00e9es g\u00e8rent leur propre \u00e9cole priv\u00e9e afin de mieux prot\u00e9ger les enfants des influences du monde et afin de garder une approche saine face \u00e0 l&rsquo;\u00e9ducation. L&rsquo;\u00c9glise publie et distribue des livres chr\u00e9tiens ainsi que des trait\u00e9s \u00e9vang\u00e9liques et fournit un soutien aux sinistr\u00e9s ainsi que d&rsquo;autres aides humanitaires. Les efforts missionnaires et \u00e9vang\u00e9liques croissants sont d\u00e9ploy\u00e9s tant par des individus que par le biais de programmes organis\u00e9s.<\/span><\/p>\n<p><span style=\"font-weight: 400;\">Nous invitons chaque personne, quelle que soit sa culture, sa race et sa nationalit\u00e9, \u00e0 venir \u00e0 J\u00e9sus-Christ pour trouver le salut. C&rsquo;est avec un espoir vivant dans la gr\u00e2ce de Dieu, qui est suffisante pour assurer notre salut et notre bien-\u00eatre spirituel, que nous faisons face \u00e0 l&rsquo;avenir avec confiance en Dieu, en veillant et en attendant le retour de J\u00e9sus.<\/span><\/p>\n\t\t\t\t\t\t\t\t<\/div>\n\t\t\t\t<\/div>\n\t\t\t\t\t<\/div>\n\t\t<\/div>\n\t\t\t\t\t<\/div>\n\t\t<\/section>\n\t\t\t\t<\/div>\n\t\t","protected":false},"excerpt":{"rendered":"<p>L\u2019\u00c9glise de Dieu en Christ mennonite est une \u00c9glise de taille modeste parmi les multiples d\u00e9nominations connues sous l\u2019appellation de \u00ab\u00a0mennonites\u00a0\u00bb. Nous nous effor\u00e7ons de suivre les enseignements de J\u00e9sus-Christ et de ses ap\u00f4tres tant concernant la foi que la mise en pratique. Cette foi a \u00e9t\u00e9 embrass\u00e9e au fil des si\u00e8cles par les vrais [&hellip;]<\/p>\n","protected":false},"author":5,"featured_media":0,"parent":0,"menu_order":0,"comment_status":"closed","ping_status":"closed","template":"","meta":{"footnotes":""},"class_list":["post-1000","page","type-page","status-publish","hentry"],"_links":{"self":[{"href":"https:\/\/churchofgodinchristmennonite.net\/fr\/wp-json\/wp\/v2\/pages\/1000","targetHints":{"allow":["GET"]}}],"collection":[{"href":"https:\/\/churchofgodinchristmennonite.net\/fr\/wp-json\/wp\/v2\/pages"}],"about":[{"href":"https:\/\/churchofgodinchristmennonite.net\/fr\/wp-json\/wp\/v2\/types\/page"}],"author":[{"embeddable":true,"href":"https:\/\/churchofgodinchristmennonite.net\/fr\/wp-json\/wp\/v2\/users\/5"}],"replies":[{"embeddable":true,"href":"https:\/\/churchofgodinchristmennonite.net\/fr\/wp-json\/wp\/v2\/comments?post=1000"}],"version-history":[{"count":5,"href":"https:\/\/churchofgodinchristmennonite.net\/fr\/wp-json\/wp\/v2\/pages\/1000\/revisions"}],"predecessor-version":[{"id":1005,"href":"https:\/\/churchofgodinchristmennonite.net\/fr\/wp-json\/wp\/v2\/pages\/1000\/revisions\/1005"}],"wp:attachment":[{"href":"https:\/\/churchofgodinchristmennonite.net\/fr\/wp-json\/wp\/v2\/media?parent=1000"}],"curies":[{"name":"wp","href":"https:\/\/api.w.org\/{rel}","templated":true}]}}