{"id":751,"date":"2019-03-13T14:43:05","date_gmt":"2019-03-13T13:43:05","guid":{"rendered":"https:\/\/churchofgodinchristmennonite.net\/agencias-de-publicacion\/"},"modified":"2020-03-30T11:16:22","modified_gmt":"2020-03-30T09:16:22","slug":"agencias-de-publicacion","status":"publish","type":"page","link":"https:\/\/churchofgodinchristmennonite.net\/es\/agencias-de-publicacion\/","title":{"rendered":"Agencias de publicaci\u00f3n"},"content":{"rendered":"\t\t<div data-elementor-type=\"wp-page\" data-elementor-id=\"751\" class=\"elementor elementor-751 elementor-339\" data-elementor-post-type=\"page\">\n\t\t\t\t\t\t<section class=\"elementor-section elementor-top-section elementor-element elementor-element-fd1d77b elementor-section-boxed elementor-section-height-default elementor-section-height-default\" data-id=\"fd1d77b\" data-element_type=\"section\" data-e-type=\"section\">\n\t\t\t\t\t\t<div class=\"elementor-container elementor-column-gap-default\">\n\t\t\t\t\t<div class=\"elementor-column elementor-col-100 elementor-top-column elementor-element elementor-element-52a34197\" data-id=\"52a34197\" data-element_type=\"column\" data-e-type=\"column\">\n\t\t\t<div class=\"elementor-widget-wrap elementor-element-populated\">\n\t\t\t\t\t\t<div class=\"elementor-element elementor-element-6b061230 elementor-widget elementor-widget-text-editor\" data-id=\"6b061230\" data-element_type=\"widget\" data-e-type=\"widget\" data-widget_type=\"text-editor.default\">\n\t\t\t\t<div class=\"elementor-widget-container\">\n\t\t\t\t\t\t\t\t\t<p><strong><span lang=\"es-MX\">Gospel Publishers<\/span><\/strong><\/p>\n<p><span lang=\"es-MX\">Gospel Publishers es la rama publicadora de la Iglesia de Dios en Cristo, Menonita. Es administrado por el comit\u00e9 de publicaci\u00f3n, y adem\u00e1s de la publicaci\u00f3n y venta de libros y otra literatura a trav\u00e9s de Gospel Publishers, el comit\u00e9 de publicaci\u00f3n tiene participaci\u00f3n con el Messenger of Truth, el curr\u00edculo de escuela dominical y prestar servicios a otros ministerios de la denominaci\u00f3n.<\/span><\/p>\n<p>Gospel Publishers<\/p>\n<p>PO Box 230, Moundridge, Kansas 67107<\/p>\n<p>Tel. 620-345-2532; Fax 2582<\/p>\n<p><a href=\"https:\/\/churchofgodinchristmennonite.net\/es\/contactenos\/\">Contactar Gospel Publishers<\/a><\/p>\n<p>Gospel Publishers Canad\u00e1<\/p>\n<p>Box 181, RR 1, Ste Anne, Manitoba R5H 1R1<\/p>\n<p>Tel. 204-355-4568; Fax 5085<\/p>\n<p><a href=\"https:\/\/churchofgodinchristmennonite.net\/es\/contactenos\/\">Contactar Gospel Publishers<\/a> (Canad\u00e1)<\/p>\n<p><strong>Messenger of Truth<\/strong><\/p>\n<p><span lang=\"es-MX\">Un peri\u00f3dico publicado 26 veces al a\u00f1o, con art\u00edculos aportados por miembros de la denominaci\u00f3n sobre temas espirituales. Contiene noticias y anuncios de defunciones, bautizos, etc.<\/span><\/p>\n<p><span lang=\"es-MX\">Precio: $19USD en Estados Unidos; $26 CAD en Canad\u00e1 (incluye GST)<\/span><\/p>\n<p><span lang=\"es-MX\">Para solicitar un tema de muestra, suscribirse o pedir un cambio de direcci\u00f3n, haga contacto con:<\/span><\/p>\n<p>Messenger of Truth, PO Box 230, Moundridge, Kansas 67107<\/p>\n<p><span lang=\"es-MX\">Tel. 620-345-2532; Fax 2582<\/span><\/p>\n<p><span lang=\"es-MX\">Contactar Gospel Publishers (Estados Unidos)<\/span><\/p>\n<p><strong><span lang=\"es-MX\">Gospel Tract and Bible Society<\/span><\/strong><\/p>\n<p><span lang=\"es-MX\">Un organismo de la Iglesia de Dios en Cristo, Menonita, que publica y distribuye tratados en 59 idiomas en 149 pa\u00edses.<\/span><\/p>\n<p><span lang=\"es-MX\">Oficina de Los Estados Unidos: PO Box 700, Moundridge, Kansas 67107.<\/span><\/p>\n<p><span lang=\"es-MX\">Tel. 620-345-2533; Fax 2528<\/span><\/p>\n<p><span lang=\"es-MX\"><a href=\"https:\/\/churchofgodinchristmennonite.net\/es\/contactenos\/\">Contactar Gospel Tract<\/a> (Estados Unidos)<\/span><\/p>\n<p><span lang=\"es-MX\">Oficina de Canad\u00e1: Box 180, RR 1, Ste. <\/span>Anne, Manitoba R5H 1R1<\/p>\n<p>Tel. 204-355-4975; Fax 4107<\/p>\n<p><span lang=\"es-MX\"><a href=\"https:\/\/churchofgodinchristmennonite.net\/es\/contactenos\/\">Contactar Gospel Tract<\/a> (Canad\u00e1)<\/span><\/p>\n<p><strong><span lang=\"es-MX\">Oficinas regionales del Gospel Tract and Bible Society<\/span><\/strong><\/p>\n<p><span lang=\"es-MX\">Para contactar oficinas regionales en Brasil, M\u00e9xico, Nigeria, Etiop\u00eda, Ucrania, Rusia o Ruman\u00eda haga clic en el siguiente enlace:<\/span><\/p>\n<p><a name=\"_GoBack\"><\/a> <span lang=\"es-MX\"><a href=\"https:\/\/churchofgodinchristmennonite.net\/es\/contactenos\/\">Contactar Gospel Tract<\/a> (Estados Unidos)<\/span><\/p>\n\t\t\t\t\t\t\t\t<\/div>\n\t\t\t\t<\/div>\n\t\t\t\t\t<\/div>\n\t\t<\/div>\n\t\t\t\t\t<\/div>\n\t\t<\/section>\n\t\t\t\t<\/div>\n\t\t","protected":false},"excerpt":{"rendered":"<p>Gospel Publishers Gospel Publishers es la rama publicadora de la Iglesia de Dios en Cristo, Menonita. Es administrado por el comit\u00e9 de publicaci\u00f3n, y adem\u00e1s de la publicaci\u00f3n y venta de libros y otra literatura a trav\u00e9s de Gospel Publishers, el comit\u00e9 de publicaci\u00f3n tiene participaci\u00f3n con el Messenger of Truth, el curr\u00edculo de escuela [&hellip;]<\/p>\n","protected":false},"author":5,"featured_media":0,"parent":0,"menu_order":0,"comment_status":"closed","ping_status":"closed","template":"","meta":{"footnotes":""},"class_list":["post-751","page","type-page","status-publish","hentry"],"_links":{"self":[{"href":"https:\/\/churchofgodinchristmennonite.net\/es\/wp-json\/wp\/v2\/pages\/751","targetHints":{"allow":["GET"]}}],"collection":[{"href":"https:\/\/churchofgodinchristmennonite.net\/es\/wp-json\/wp\/v2\/pages"}],"about":[{"href":"https:\/\/churchofgodinchristmennonite.net\/es\/wp-json\/wp\/v2\/types\/page"}],"author":[{"embeddable":true,"href":"https:\/\/churchofgodinchristmennonite.net\/es\/wp-json\/wp\/v2\/users\/5"}],"replies":[{"embeddable":true,"href":"https:\/\/churchofgodinchristmennonite.net\/es\/wp-json\/wp\/v2\/comments?post=751"}],"version-history":[{"count":12,"href":"https:\/\/churchofgodinchristmennonite.net\/es\/wp-json\/wp\/v2\/pages\/751\/revisions"}],"predecessor-version":[{"id":1431,"href":"https:\/\/churchofgodinchristmennonite.net\/es\/wp-json\/wp\/v2\/pages\/751\/revisions\/1431"}],"wp:attachment":[{"href":"https:\/\/churchofgodinchristmennonite.net\/es\/wp-json\/wp\/v2\/media?parent=751"}],"curies":[{"name":"wp","href":"https:\/\/api.w.org\/{rel}","templated":true}]}}