{"id":749,"date":"2019-03-13T14:40:37","date_gmt":"2019-03-13T13:40:37","guid":{"rendered":"https:\/\/churchofgodinchristmennonite.net\/programas-de-servicio-publico-y-ayuda-social\/misiones\/"},"modified":"2019-03-21T00:56:55","modified_gmt":"2019-03-20T23:56:55","slug":"misiones","status":"publish","type":"page","link":"https:\/\/churchofgodinchristmennonite.net\/es\/programas-de-servicio-publico-y-ayuda-social\/misiones\/","title":{"rendered":"Misiones"},"content":{"rendered":"<p class=\"page-title\">Estas son las agencias que se encargan de la obra de evangelizaci\u00f3n no realizada por las congregaciones locales.<\/p>\n<div class=\"region region-content\">\n<div id=\"block-system-main\" class=\"block block-system\">\n<div class=\"content\">\n<div class=\"content node-page\">\n<div class=\"field field-name-body field-type-text-with-summary field-label-hidden\">\n<div class=\"field-items\">\n<div class=\"field-item even\">\n<ul>\n<li>General Mission Board: Responsable por la obra de evangelizaci\u00f3n en los pa\u00edses que no se encuentran en la lista abajo.<\/li>\n<li>Missions Canada<\/li>\n<li>USA Missions<\/li>\n<li>Brazil Mission Board<\/li>\n<li>Haiti Mission Committee<\/li>\n<li>Nigeria Mission Board<\/li>\n<\/ul>\n<\/div>\n<\/div>\n<\/div>\n<\/div>\n<\/div>\n<\/div>\n<\/div>\n","protected":false},"excerpt":{"rendered":"<p>Estas son las agencias que se encargan de la obra de evangelizaci\u00f3n no realizada por las congregaciones locales. General Mission Board: Responsable por la obra de evangelizaci\u00f3n en los pa\u00edses que no se encuentran en la lista abajo. Missions Canada USA Missions Brazil Mission Board Haiti Mission Committee Nigeria Mission Board<\/p>\n","protected":false},"author":5,"featured_media":0,"parent":520,"menu_order":4,"comment_status":"closed","ping_status":"closed","template":"","meta":{"footnotes":""},"class_list":["post-749","page","type-page","status-publish","hentry"],"_links":{"self":[{"href":"https:\/\/churchofgodinchristmennonite.net\/es\/wp-json\/wp\/v2\/pages\/749","targetHints":{"allow":["GET"]}}],"collection":[{"href":"https:\/\/churchofgodinchristmennonite.net\/es\/wp-json\/wp\/v2\/pages"}],"about":[{"href":"https:\/\/churchofgodinchristmennonite.net\/es\/wp-json\/wp\/v2\/types\/page"}],"author":[{"embeddable":true,"href":"https:\/\/churchofgodinchristmennonite.net\/es\/wp-json\/wp\/v2\/users\/5"}],"replies":[{"embeddable":true,"href":"https:\/\/churchofgodinchristmennonite.net\/es\/wp-json\/wp\/v2\/comments?post=749"}],"version-history":[{"count":1,"href":"https:\/\/churchofgodinchristmennonite.net\/es\/wp-json\/wp\/v2\/pages\/749\/revisions"}],"predecessor-version":[{"id":772,"href":"https:\/\/churchofgodinchristmennonite.net\/es\/wp-json\/wp\/v2\/pages\/749\/revisions\/772"}],"up":[{"embeddable":true,"href":"https:\/\/churchofgodinchristmennonite.net\/es\/wp-json\/wp\/v2\/pages\/520"}],"wp:attachment":[{"href":"https:\/\/churchofgodinchristmennonite.net\/es\/wp-json\/wp\/v2\/media?parent=749"}],"curies":[{"name":"wp","href":"https:\/\/api.w.org\/{rel}","templated":true}]}}