{"id":747,"date":"2019-03-13T14:36:49","date_gmt":"2019-03-13T19:36:49","guid":{"rendered":"https:\/\/churchofgodinchristmennonite.net\/programas-de-servicio-publico-y-ayuda-social\/casa-de-huespedes\/"},"modified":"2019-03-13T14:36:49","modified_gmt":"2019-03-13T13:36:49","slug":"casa-de-huespedes","status":"publish","type":"page","link":"https:\/\/churchofgodinchristmennonite.net\/es\/programas-de-servicio-publico-y-ayuda-social\/casa-de-huespedes\/","title":{"rendered":"Casa de hu\u00e9spedes"},"content":{"rendered":"<h2>Casa de hu\u00e9spedes<\/h2>\n<p>Las siguientes casas de hu\u00e9spedes ofrecen alojamiento de corto plazo a individuos no internados que est\u00e1n en tratamiento y a las familias de pacientes internados en centros m\u00e9dicos cercanos. Cada hogar es administrado por un matrimonio quien puede brindar informaci\u00f3n de la disponibilidad de habitaciones.<\/p>\n<ul>\n<li>Halifax Haven Guest Home<\/li>\n<li>Edmonton Mennonite Guest Home\u00ad<\/li>\n<li>Ann Arbor Guest Home (Currently under development)<\/li>\n<li>Rochester Mennonite Guest Home<\/li>\n<li>London Guest Home<\/li>\n<\/ul>\n","protected":false},"excerpt":{"rendered":"<p>Casa de hu\u00e9spedes Las siguientes casas de hu\u00e9spedes ofrecen alojamiento de corto plazo a individuos no internados que est\u00e1n en tratamiento y a las familias de pacientes internados en centros m\u00e9dicos cercanos. Cada hogar es administrado por un matrimonio quien puede brindar informaci\u00f3n de la disponibilidad de habitaciones. Halifax Haven Guest Home Edmonton Mennonite Guest [&hellip;]<\/p>\n","protected":false},"author":5,"featured_media":0,"parent":520,"menu_order":2,"comment_status":"closed","ping_status":"closed","template":"","meta":{"footnotes":""},"class_list":["post-747","page","type-page","status-publish","hentry"],"_links":{"self":[{"href":"https:\/\/churchofgodinchristmennonite.net\/es\/wp-json\/wp\/v2\/pages\/747","targetHints":{"allow":["GET"]}}],"collection":[{"href":"https:\/\/churchofgodinchristmennonite.net\/es\/wp-json\/wp\/v2\/pages"}],"about":[{"href":"https:\/\/churchofgodinchristmennonite.net\/es\/wp-json\/wp\/v2\/types\/page"}],"author":[{"embeddable":true,"href":"https:\/\/churchofgodinchristmennonite.net\/es\/wp-json\/wp\/v2\/users\/5"}],"replies":[{"embeddable":true,"href":"https:\/\/churchofgodinchristmennonite.net\/es\/wp-json\/wp\/v2\/comments?post=747"}],"version-history":[{"count":0,"href":"https:\/\/churchofgodinchristmennonite.net\/es\/wp-json\/wp\/v2\/pages\/747\/revisions"}],"up":[{"embeddable":true,"href":"https:\/\/churchofgodinchristmennonite.net\/es\/wp-json\/wp\/v2\/pages\/520"}],"wp:attachment":[{"href":"https:\/\/churchofgodinchristmennonite.net\/es\/wp-json\/wp\/v2\/media?parent=747"}],"curies":[{"name":"wp","href":"https:\/\/api.w.org\/{rel}","templated":true}]}}