{"id":746,"date":"2019-03-13T14:28:21","date_gmt":"2019-03-13T13:28:21","guid":{"rendered":"https:\/\/churchofgodinchristmennonite.net\/programas-de-servicio-publico-y-ayuda-social\/ayuda-internacional\/"},"modified":"2019-03-13T14:28:21","modified_gmt":"2019-03-13T13:28:21","slug":"ayuda-internacional","status":"publish","type":"page","link":"https:\/\/churchofgodinchristmennonite.net\/es\/programas-de-servicio-publico-y-ayuda-social\/ayuda-internacional\/","title":{"rendered":"Ayuda internacional"},"content":{"rendered":"<p><strong>Servicio Humanitario Internacional\/ Servicio Cristiano Internacional<\/strong><\/p>\n<p><strong>Misi\u00f3n:<\/strong>\u00a0La misi\u00f3n de Servicio Humanitario Internacional es aliviar sufrimiento de corto y largo plazo por medio de servicios humanitarios, rehabilitaci\u00f3n en tiempos de desastre, de hambre, de calamidad u otro percance o sufrimiento. Servicios o proyectos de desarrollo comunitario tambi\u00e9n se realizan para mejorar salud y condiciones de vida en circunstancias de necesidad.<\/p>\n<p><strong>\u00c1mbito del trabajo<\/strong>: Servicios patrocinados incluyen tratamiento para tuberculosis, la lepra, severa desnutrici\u00f3n, y reparaci\u00f3n de hendiduras paladiales. Se realizan proyectos de desarrollo comunitario tales como abastecimiento y dep\u00f3sitos de agua, construcci\u00f3n de ca\u00f1er\u00edas y letrinas, mejoramientos sanitarios, puentes colgantes para el paso a pie, y otros tipos de proyectos comunitarios. A veces estos proyectos son elaborados pagando mano de obra con alimentos.<\/p>\n<p><strong>Pa\u00edses beneficiados:<\/strong>\u00a0Pa\u00edses donde se han patrocinado proyectos incluyen; Banglades\u00ed, Belice, Burkina Faso, la Republica Dominicana, Gana, Guatemala, Hait\u00ed, la India, Jamaica, Kenia, Malawi, Mozambique, M\u00e9xico, Myanmar, Nicaragua, Nigeria, las islas Filipinas, Rumania, Uganda, los Estados Unidos, Zimbabue, Ucrania, Rusia y Bielorrusia. Algunos proyectos se han realizado bajo el nombre de \u201cServicio Cristiano Internacional\u201d.<\/p>\n","protected":false},"excerpt":{"rendered":"<p>Servicio Humanitario Internacional\/ Servicio Cristiano Internacional Misi\u00f3n:\u00a0La misi\u00f3n de Servicio Humanitario Internacional es aliviar sufrimiento de corto y largo plazo por medio de servicios humanitarios, rehabilitaci\u00f3n en tiempos de desastre, de hambre, de calamidad u otro percance o sufrimiento. Servicios o proyectos de desarrollo comunitario tambi\u00e9n se realizan para mejorar salud y condiciones de vida [&hellip;]<\/p>\n","protected":false},"author":5,"featured_media":0,"parent":520,"menu_order":0,"comment_status":"closed","ping_status":"closed","template":"","meta":{"footnotes":""},"class_list":["post-746","page","type-page","status-publish","hentry"],"_links":{"self":[{"href":"https:\/\/churchofgodinchristmennonite.net\/es\/wp-json\/wp\/v2\/pages\/746","targetHints":{"allow":["GET"]}}],"collection":[{"href":"https:\/\/churchofgodinchristmennonite.net\/es\/wp-json\/wp\/v2\/pages"}],"about":[{"href":"https:\/\/churchofgodinchristmennonite.net\/es\/wp-json\/wp\/v2\/types\/page"}],"author":[{"embeddable":true,"href":"https:\/\/churchofgodinchristmennonite.net\/es\/wp-json\/wp\/v2\/users\/5"}],"replies":[{"embeddable":true,"href":"https:\/\/churchofgodinchristmennonite.net\/es\/wp-json\/wp\/v2\/comments?post=746"}],"version-history":[{"count":0,"href":"https:\/\/churchofgodinchristmennonite.net\/es\/wp-json\/wp\/v2\/pages\/746\/revisions"}],"up":[{"embeddable":true,"href":"https:\/\/churchofgodinchristmennonite.net\/es\/wp-json\/wp\/v2\/pages\/520"}],"wp:attachment":[{"href":"https:\/\/churchofgodinchristmennonite.net\/es\/wp-json\/wp\/v2\/media?parent=746"}],"curies":[{"name":"wp","href":"https:\/\/api.w.org\/{rel}","templated":true}]}}