{"id":520,"date":"2019-03-12T04:32:59","date_gmt":"2019-03-12T03:32:59","guid":{"rendered":"https:\/\/churchofgodinchristmennonite.net\/programas-de-servicio-publico-y-ayuda-social\/"},"modified":"2019-03-18T16:24:57","modified_gmt":"2019-03-18T15:24:57","slug":"programas-de-servicio-publico-y-ayuda-social","status":"publish","type":"page","link":"https:\/\/churchofgodinchristmennonite.net\/es\/programas-de-servicio-publico-y-ayuda-social\/","title":{"rendered":"Programas de servicio p\u00fablico y ayuda social"},"content":{"rendered":"\t\t<div data-elementor-type=\"wp-post\" data-elementor-id=\"520\" class=\"elementor elementor-520 elementor-51\" data-elementor-post-type=\"page\">\n\t\t\t\t\t\t<section class=\"elementor-section elementor-top-section elementor-element elementor-element-4974c40e elementor-section-boxed elementor-section-height-default elementor-section-height-default\" data-id=\"4974c40e\" data-element_type=\"section\" data-e-type=\"section\">\n\t\t\t\t\t\t<div class=\"elementor-container elementor-column-gap-default\">\n\t\t\t\t\t<div class=\"elementor-column elementor-col-100 elementor-top-column elementor-element elementor-element-73ee7db\" data-id=\"73ee7db\" data-element_type=\"column\" data-e-type=\"column\">\n\t\t\t<div class=\"elementor-widget-wrap elementor-element-populated\">\n\t\t\t\t\t\t<div class=\"elementor-element elementor-element-7c92725d elementor-widget elementor-widget-text-editor\" data-id=\"7c92725d\" data-element_type=\"widget\" data-e-type=\"widget\" data-widget_type=\"text-editor.default\">\n\t\t\t\t<div class=\"elementor-widget-container\">\n\t\t\t\t\t\t\t\t\t<p>Tenemos varias organizaciones para obras humanitarias, socorro en casos de desastre y servicios voluntarios.<\/p>\n<h2>Christian Disaster Relief, Inc<\/h2>\n<p>El \u00e1mbito de trabajo: Asistencia inmediata despu\u00e9s de ciclones, incendios, inundaciones, huracanes y semejantes desastres en el Canad\u00e1 y los Estados Unidos. Los proyectos no se operan en forma permanente; todas las operaciones est\u00e1n a corto plazo para la necesidad inmediata.<br \/>\nTrabajadores: Voluntarios que se ofrecen para d\u00edas o semanas. Normalmente no excede la duraci\u00f3n de dos o tres semanas.<br \/>\nFinanciaci\u00f3n: Cuotas de los miembros, donaciones, y otorgamientos, que incluye fondos de Schowalter Foundation.<br \/>\nComentarios adicionales: Representantes son elegidos en cada congregaci\u00f3n del Canad\u00e1 y los Estados Unidos. Los representantes locales sirven bajo la direcci\u00f3n del comit\u00e9 ejecutivo. Este sistema permite una movilizaci\u00f3n r\u00e1pida de voluntarios con estructura y liderazgo establecido. Christian Disaster Relief, Inc. es una corporaci\u00f3n sin fines de lucro, con estatus reconocimiento de 501 (c)3.<\/p>\n<h2>Christian Public Service el Canad\u00e1<\/h2>\n<p>El \u00e1mbito del trabajo: Unidades de servicio voluntario para los j\u00f3venes varones y servicios para las j\u00f3venes se\u00f1oritas. Los servicios para los j\u00f3venes varones incluyen unidades en Corner Brook, Newfoundland; St L\u00e9onard, Quebec. El trabajo realizado es un servicio comunitario tal como proveer asistencia para ancianos, trabajo voluntario en lugares de personas incapacitadas y ayudar en el preparar y servir alimentos a las personas indigentes. Los servicios para las j\u00f3venes se\u00f1oritas incluyen unidades en East Gate Children\u2019s Home, Winnipeg, Manitoba; Edmonton, Alberta; Halifax, Nova Scotia. East Gate Children\u2019s Home es un temporario refugio de emergencia para ni\u00f1os quienes est\u00e1n tra\u00eddos al hogar por la polic\u00eda o personal del servicio social. El trabajo en las unidades de Edmonton y Halifax incluye trabajo voluntario en grandes centros m\u00e9dicos y en otras formas de servicio comunitario.<\/p>\n<p>Los trabajadores: J\u00f3venes voluntarios quienes dan un plazo de tres o seis meses, depende de la unidad. Cada unidad consiste de unos j\u00f3venes y los padres de la casa de unidad.<br \/>\nFinanciaci\u00f3n: Cuotas de los miembros, donaciones, y ofrendas especiales cuando se requiere fondos adicionales.<\/p>\n<p>Comentarios adicionales: El \u00e9nfasis es en el dar un tiempo de servicio voluntario a los j\u00f3venes, que promueve crecimiento, madurez, consagraci\u00f3n personal y habilidades de liderazgo. Tambi\u00e9n es considerado una muestra importante para un testimonio de paz y servicio a la naci\u00f3n.<\/p>\n<h2>Christian Public Service LOS ESTADOS UNIDOS<\/h2>\n<p>El \u00e1mbito del trabajo: Unidades de servicio voluntario para los j\u00f3venes varones y servicios para las j\u00f3venes mujeres. Los servicios para los j\u00f3venes varones incluyen unidades en Albuquerque, New Mexico, donde los trabajadores voluntarios ayudan a personas ancianas con proyectos de mantenimiento y reparaci\u00f3n, servicio comunitario a otras personas incapacitadas y sin hogar; y unidades para reconstrucci\u00f3n despu\u00e9s de desastres grandes tal como los huracanes. Los servicios para las j\u00f3venes se\u00f1oritas incluyen unidades en Window Rock, Arizona, y Gallup, New Mexico, donde Christian Public Service opera hogares para ni\u00f1os en necesidad de un refugio o cuidado de emergencia; los ni\u00f1os est\u00e1n tra\u00eddos al hogar por la polic\u00eda o personal del servicio social. Tres unidades m\u00e1s para las j\u00f3venes se\u00f1oritas est\u00e1n en Rochester, Minnesota; Columbia, Missouri; Ann Arbor, Michigan. El trabajo realizado en estas unidades incluye trabajo voluntario en grandes centros m\u00e9dicos y en otras formas de servicio comunitario.<\/p>\n<p>Los trabajadores: J\u00f3venes voluntarios quienes dan un plazo de tres o seis meses, depende de la unidad. Cada unidad consiste de unos j\u00f3venes y los padres de la casa de unidad.<\/p>\n<p>Financiaci\u00f3n: Cuotas de los miembros, donaciones y ofrendas especiales cuando se requiere fondos adicionales.<\/p>\n<p>Comentarios adicionales: El \u00e9nfasis es en el dar un tiempo de servicio voluntario a los j\u00f3venes, que promueve crecimiento, madurez, consagraci\u00f3n personal y habilidades de liderazgo. Tambi\u00e9n es considerado una muestra importante para un testimonio de paz y servicio a la naci\u00f3n.<\/p>\n\t\t\t\t\t\t\t\t<\/div>\n\t\t\t\t<\/div>\n\t\t\t\t\t<\/div>\n\t\t<\/div>\n\t\t\t\t\t<\/div>\n\t\t<\/section>\n\t\t\t\t<\/div>\n\t\t","protected":false},"excerpt":{"rendered":"<p>Tenemos varias organizaciones para obras humanitarias, socorro en casos de desastre y servicios voluntarios. Christian Disaster Relief, Inc El \u00e1mbito de trabajo: Asistencia inmediata despu\u00e9s de ciclones, incendios, inundaciones, huracanes y semejantes desastres en el Canad\u00e1 y los Estados Unidos. Los proyectos no se operan en forma permanente; todas las operaciones est\u00e1n a corto plazo [&hellip;]<\/p>\n","protected":false},"author":5,"featured_media":0,"parent":0,"menu_order":0,"comment_status":"closed","ping_status":"closed","template":"elementor_header_footer","meta":{"footnotes":""},"class_list":["post-520","page","type-page","status-publish","hentry"],"_links":{"self":[{"href":"https:\/\/churchofgodinchristmennonite.net\/es\/wp-json\/wp\/v2\/pages\/520","targetHints":{"allow":["GET"]}}],"collection":[{"href":"https:\/\/churchofgodinchristmennonite.net\/es\/wp-json\/wp\/v2\/pages"}],"about":[{"href":"https:\/\/churchofgodinchristmennonite.net\/es\/wp-json\/wp\/v2\/types\/page"}],"author":[{"embeddable":true,"href":"https:\/\/churchofgodinchristmennonite.net\/es\/wp-json\/wp\/v2\/users\/5"}],"replies":[{"embeddable":true,"href":"https:\/\/churchofgodinchristmennonite.net\/es\/wp-json\/wp\/v2\/comments?post=520"}],"version-history":[{"count":9,"href":"https:\/\/churchofgodinchristmennonite.net\/es\/wp-json\/wp\/v2\/pages\/520\/revisions"}],"predecessor-version":[{"id":547,"href":"https:\/\/churchofgodinchristmennonite.net\/es\/wp-json\/wp\/v2\/pages\/520\/revisions\/547"}],"wp:attachment":[{"href":"https:\/\/churchofgodinchristmennonite.net\/es\/wp-json\/wp\/v2\/media?parent=520"}],"curies":[{"name":"wp","href":"https:\/\/api.w.org\/{rel}","templated":true}]}}