{"id":455,"date":"2019-03-12T17:33:37","date_gmt":"2019-03-12T16:33:37","guid":{"rendered":"https:\/\/churchofgodinchristmennonite.net\/quienes-somos\/"},"modified":"2020-02-08T12:57:48","modified_gmt":"2020-02-08T11:57:48","slug":"quienes-somos","status":"publish","type":"page","link":"https:\/\/churchofgodinchristmennonite.net\/es\/quienes-somos\/","title":{"rendered":"Quienes somos"},"content":{"rendered":"\t\t<div data-elementor-type=\"wp-post\" data-elementor-id=\"455\" class=\"elementor elementor-455 elementor-89\" data-elementor-post-type=\"page\">\n\t\t\t\t\t\t<section class=\"elementor-section elementor-top-section elementor-element elementor-element-21f36ddd elementor-section-boxed elementor-section-height-default elementor-section-height-default\" data-id=\"21f36ddd\" data-element_type=\"section\" data-e-type=\"section\">\n\t\t\t\t\t\t<div class=\"elementor-container elementor-column-gap-default\">\n\t\t\t\t\t<div class=\"elementor-column elementor-col-100 elementor-top-column elementor-element elementor-element-7ae3767\" data-id=\"7ae3767\" data-element_type=\"column\" data-e-type=\"column\">\n\t\t\t<div class=\"elementor-widget-wrap elementor-element-populated\">\n\t\t\t\t\t\t<div class=\"elementor-element elementor-element-5940eb5 elementor-widget elementor-widget-text-editor\" data-id=\"5940eb5\" data-element_type=\"widget\" data-e-type=\"widget\" data-widget_type=\"text-editor.default\">\n\t\t\t\t<div class=\"elementor-widget-container\">\n\t\t\t\t\t\t\t\t\t<p><\/p>\n<p><span style=\"font-weight: 400;\">La Iglesia de Dios en Cristo, Menonita, es una iglesia relativamente peque\u00f1a entre las varias denominaciones conocidas como Menonitas. Procuramos seguir las ense\u00f1anzas de Jesucristo y sus ap\u00f3stoles en todos los asuntos de fe y pr\u00e1ctica. Esta fe ha sido abrazada a lo largo de la historia por los cristianos verdaderos, entre ellos los Waldenses, aunque a veces desapercibidos y bajo persecuci\u00f3n.<\/span><\/p>\n<p><span style=\"font-weight: 400;\">El fundamento de nuestra fe es la gracia de Dios que nos trae la salvaci\u00f3n personal por el nuevo nacimiento. Este nuevo nacimiento empieza con fe en Jesucristo como nuestro Salvador y resulta en el arrepentimiento de los pecados y la obediencia a las ense\u00f1anzas de Cristo. Esta vida nueva en Cristo nos une en la comuni\u00f3n de amor fraternal.<\/span><\/p>\n<p><span style=\"font-weight: 400;\">Creemos en el bautismo de los creyentes, la no resistencia y un estilo de vida sencillo y modesto. La Biblia ense\u00f1a que los cristianos deben ser separados (no conformados) del mundo en esp\u00edritu (actitud y punto de vista) y modo de vida. Puesto que los cristianos pertenecen al Reino de Dios, Cristo nos ense\u00f1a a vivir pac\u00edficamente con otros. No tomamos ninguna parte en la pol\u00edtica, los cargos del gobierno electo ni el servicio militar. Ense\u00f1amos que el hombre debe llevar la barba y que la mujer cristiana debe llevar el velo devocional.<\/span><\/p>\n<h3><b>El origen de los menonitas<\/b><\/h3>\n<p><span style=\"font-weight: 400;\">Los Menonitas son descendientes de los Anabaptistas, quienes rechazaron el bautismo infantil e insistieron en el bautismo del creyente. Fueron perseguidos implacablemente por sus doctrinas e independencia de la iglesia del estado.<\/span><\/p>\n<p><span style=\"font-weight: 400;\">En el a\u00f1o 1536, Menno Simons, un sacerdote cat\u00f3lico de Holanda, sinti\u00f3 la convicci\u00f3n por sus pecados y empez\u00f3 a estudiar la Biblia. Su arrepentimiento y entrega a Dios result\u00f3 en el nuevo nacimiento espiritual. Fue bautizado por los anabaptistas y despu\u00e9s fue elegido a ser un ministro. Menno Simons, un hombre humilde y con talento, estudiaba la Biblia ardientemente y lleg\u00f3 a ser un maestro y escritor muy capaz. Por la influencia de Menno, los anabaptistas despu\u00e9s fueron llamados Menonitas. Estos Anabaptistas \u2013 Menonitas primitivos eran conocidos por su adherencia a las ense\u00f1anzas de Cristo en todos aspectos de vida: el hablar puro, vestido modesto, honestidad en los negocios, pureza moral, separaci\u00f3n del mundo y la no resistencia. Su insistencia en experimentar un cambio de coraz\u00f3n por una conversi\u00f3n verdadera a Cristo, fue la base de su vida diaria.<\/span><\/p>\n<h3><b>La iglesia menonita en am\u00e9rica<\/b><\/h3>\n<p><span style=\"font-weight: 400;\">Por causa de la persecuci\u00f3n y su deseo de la libertad religiosa, los Menonitas empezaron a emigrar a Am\u00e9rica comenzando en el a\u00f1o 1683 y continuaron hasta 1900. Ellos enfrentaron los peligros de colonizar tierras desconocidas y llegaron a ser conocidos como un pueblo tranquilo y temeroso de Dios; sobrio y devoto en fe e industrioso y templado en la vida cotidiana. Ellos firmemente rechazaron participar en la guerra, por lo cual llegaron a ser conocidos como una Iglesia que ama la paz.<\/span><\/p>\n<p><span style=\"font-weight: 400;\">Sin embargo, tiempos de prueba y prosperidad produjo una decadencia espiritual. Durante el siglo 19, se hizo evidente a algunos Menonitas que no todas las doctrinas hist\u00f3ricas eran practicadas. Entre los que luchaban por guardar la fe hist\u00f3rica se encontraba John Holdeman (1832 \u2013 1900) de Wayne County, Ohio. Cada vez m\u00e1s sent\u00eda que la iglesia Menonita ya no practicaba la fe verdadera en muchos aspectos. \u00c9l hizo un llamamiento a los l\u00edderes de la Iglesia a un avivamiento espiritual. Aunque algunos estaban de acuerdo con su evaluaci\u00f3n, poco fue hecho para implementar un cambio. En 1859, \u00e9l y algunos m\u00e1s empezaron a congregarse aparte. Con el tiempo, este peque\u00f1o grupo se organiz\u00f3 como la Iglesia de Dios en Cristo, Menonita.<\/span><\/p>\n<h3><b>La iglesia de Dios en Cristo, menonita<\/b><\/h3>\n<p><span style=\"font-weight: 400;\">John Holdeman fue un evangelista lleno del Esp\u00edritu Santo, maestro y escritor. Su obra m\u00e1s notable fue el Espejo de la Verdad, un libro doctrinal tenido en gran estima hasta hoy d\u00eda por la iglesia. Viajaba mucho como un evangelista, y muchos de los que escucharon sus predicaciones experimentaron un renacimiento espiritual y fueron bautizados. Varias congregaciones fueron establecidas en los Estados Unidos y el Canad\u00e1.<\/span><\/p>\n<p><span style=\"font-weight: 400;\">Despu\u00e9s de la muerte de John Holdeman, la iglesia segu\u00eda creciendo. Las actividades misioneras comenzaron en forma organizada en los a\u00f1os 1930. Con el crecimiento de la membres\u00eda, se han establecido congregaciones en muchos estados y provincias en los Estados Unidos, Canad\u00e1, M\u00e9xico, y varios pa\u00edses de \u00c1frica, Asia, Centroam\u00e9rica, Sudam\u00e9rica, el Caribe y Europa. Aunque la concentraci\u00f3n m\u00e1s grande de los miembros est\u00e1 en Norte Am\u00e9rica, la iglesia tiene una membres\u00eda por todo el mundo que sobrepasa los 21,000. La mayor parte de las congregaciones operan su propia escuela cristiana, con el prop\u00f3sito de proteger sus hijos de las influencias mundanas y para mantener una visi\u00f3n apropiada de la educaci\u00f3n. La iglesia publica y distribuye literatura cristiana y folletos. Provee ayuda humanitaria y servicios en tiempo de desastre. El evangelismo y esfuerzo misionero es realizado individualmente y por programas organizados.<\/span><\/p>\n<p><span style=\"font-weight: 400;\">Invitamos al pueblo de toda cultura, raza y naci\u00f3n a venir a Jesucristo para la salvaci\u00f3n. Con una esperanza viva en la gracia de Dios que es eficaz para la salvaci\u00f3n y el bienestar espiritual, enfrentamos el futuro con confianza en Dios, esperando la venida de Jes\u00fas.<\/span><\/p>\n<p><\/p>\n\t\t\t\t\t\t\t\t<\/div>\n\t\t\t\t<\/div>\n\t\t\t\t\t<\/div>\n\t\t<\/div>\n\t\t\t\t\t<\/div>\n\t\t<\/section>\n\t\t\t\t<\/div>\n\t\t","protected":false},"excerpt":{"rendered":"<p>La Iglesia de Dios en Cristo, Menonita, es una iglesia relativamente peque\u00f1a entre las varias denominaciones conocidas como Menonitas. Procuramos seguir las ense\u00f1anzas de Jesucristo y sus ap\u00f3stoles en todos los asuntos de fe y pr\u00e1ctica. Esta fe ha sido abrazada a lo largo de la historia por los cristianos verdaderos, entre ellos los Waldenses, [&hellip;]<\/p>\n","protected":false},"author":5,"featured_media":0,"parent":0,"menu_order":0,"comment_status":"closed","ping_status":"closed","template":"","meta":{"footnotes":""},"class_list":["post-455","page","type-page","status-publish","hentry"],"_links":{"self":[{"href":"https:\/\/churchofgodinchristmennonite.net\/es\/wp-json\/wp\/v2\/pages\/455","targetHints":{"allow":["GET"]}}],"collection":[{"href":"https:\/\/churchofgodinchristmennonite.net\/es\/wp-json\/wp\/v2\/pages"}],"about":[{"href":"https:\/\/churchofgodinchristmennonite.net\/es\/wp-json\/wp\/v2\/types\/page"}],"author":[{"embeddable":true,"href":"https:\/\/churchofgodinchristmennonite.net\/es\/wp-json\/wp\/v2\/users\/5"}],"replies":[{"embeddable":true,"href":"https:\/\/churchofgodinchristmennonite.net\/es\/wp-json\/wp\/v2\/comments?post=455"}],"version-history":[{"count":15,"href":"https:\/\/churchofgodinchristmennonite.net\/es\/wp-json\/wp\/v2\/pages\/455\/revisions"}],"predecessor-version":[{"id":1174,"href":"https:\/\/churchofgodinchristmennonite.net\/es\/wp-json\/wp\/v2\/pages\/455\/revisions\/1174"}],"wp:attachment":[{"href":"https:\/\/churchofgodinchristmennonite.net\/es\/wp-json\/wp\/v2\/media?parent=455"}],"curies":[{"name":"wp","href":"https:\/\/api.w.org\/{rel}","templated":true}]}}