{"id":452,"date":"2019-03-12T17:32:48","date_gmt":"2019-03-12T22:32:48","guid":{"rendered":"https:\/\/churchofgodinchristmennonite.net\/lo-que-creemos\/"},"modified":"2024-11-18T02:38:25","modified_gmt":"2024-11-18T08:38:25","slug":"lo-que-creemos","status":"publish","type":"page","link":"https:\/\/churchofgodinchristmennonite.net\/es\/lo-que-creemos\/","title":{"rendered":"Lo que creemos"},"content":{"rendered":"\t\t<div data-elementor-type=\"wp-post\" data-elementor-id=\"452\" class=\"elementor elementor-452 elementor-86\" data-elementor-post-type=\"page\">\n\t\t\t\t\t\t<section class=\"elementor-section elementor-top-section elementor-element elementor-element-567b1bc6 elementor-section-boxed elementor-section-height-default elementor-section-height-default\" data-id=\"567b1bc6\" data-element_type=\"section\" data-e-type=\"section\">\n\t\t\t\t\t\t<div class=\"elementor-container elementor-column-gap-default\">\n\t\t\t\t\t<div class=\"elementor-column elementor-col-100 elementor-top-column elementor-element elementor-element-796d6eaa\" data-id=\"796d6eaa\" data-element_type=\"column\" data-e-type=\"column\">\n\t\t\t<div class=\"elementor-widget-wrap elementor-element-populated\">\n\t\t\t\t\t\t<div class=\"elementor-element elementor-element-4518e611 elementor-widget elementor-widget-text-editor\" data-id=\"4518e611\" data-element_type=\"widget\" data-e-type=\"widget\" data-widget_type=\"text-editor.default\">\n\t\t\t\t<div class=\"elementor-widget-container\">\n\t\t\t\t\t\t\t\t\t<h2>Lo que creemos<\/h2>\n<p>Resumen: Creemos que todas las personas pueden tener la salvaci\u00f3n por Jesucristo, quien muri\u00f3 para quitar nuestros pecados.<\/p>\n<h3>1. Dios el Padre<\/h3>\n<p>Creemos que hay un Ser \u00fanico, eterno, santo y supremo. \u00c9l es el Dios todopoderoso de ilimitado sabidur\u00eda, majestad, poder y amor. \u00c9l es la fuente de todo lo que es bueno. Es una trinidad de Padre, Hijo y Esp\u00edritu Santo.<br \/>\nSalmo 90:2; Romanos 11:33; 1 Juan 5:7; Isa\u00edas 45:22<\/p>\n<h3>2. Jesucristo el Hijo<\/h3>\n<p>Jesucristo es el hijo de Dios. \u00c9l, junto con Dios el Padre y Dios el Esp\u00edritu Santo, siempre ha sido y siempre ser\u00e1. Por su amor para el hombre pecaminoso, Dios envi\u00f3 a su hijo Jes\u00fas al mundo. Naci\u00f3 de una virgen y fue part\u00edcipe de la humanidad, pero sin una naturaleza pecaminosa. Sufri\u00f3 y muri\u00f3 en la cruz para expiar los pecados de la humanidad, resucit\u00f3 del sepulcro y ascendi\u00f3 al cielo. S\u00f3lo por su sangre derramada podemos obtener el perd\u00f3n de pecados y acceso a la gracia de Dios.<br \/>\nJuan 1:1; Juan 3:16; Mateo 1:20; Colosenses 2:9; Lucas 2:11; Filipenses 2:5-8; Lucas 9:35<\/p>\n<h3>3. El Esp\u00edritu Santo<\/h3>\n<p>El Esp\u00edritu Santo es la tercera persona de la Deidad. Fueenviado al mundo por el Padre y el Hijo para convencer al mundo de pecado, justicia y juicio. Es el consolador de los santos y los gu\u00eda a toda la verdad. El Esp\u00edritu Santo comunica la divina gracia de Dios para efectuar la salvaci\u00f3n del hombre.<br \/>\nJuan 15:26; Juan 16:7-13; Hechos 2:1-4; Juan 2:38<\/p>\n<h3>4. La Biblia<\/h3>\n<p>La Biblia es la palabra de Dios y es la \u00fanica gu\u00eda infalible para el hombre. Es divinamente inspirada, verdadera y de gran autoridad. Es una revelaci\u00f3n directa de Dios tocante a s\u00ed mismo, su voluntad y sus caminos.<br \/>\n2 Timoteo 3:16; Hebreos 4:12; Mateo 5:17; Mateo 24:35; Juan 12:48; Salmo 119:105; Salmo 119:130; 2 Pedro 1:21<\/p>\n<h3>5. La creaci\u00f3n<\/h3>\n<p>El relato de la creaci\u00f3n en G\u00e9nesis es verdadero. Esta revelaci\u00f3n sencilla, y a la vez profunda, debe ser recibida por fe. La teor\u00eda de la evoluci\u00f3n, lo cual ense\u00f1a un desarrollo natural y continuo de las formas de vida m\u00e1s bajas a las m\u00e1s altas, es una contradicci\u00f3n a las ense\u00f1anzas de la Biblia.<br \/>\nG\u00e9nesis 1; G\u00e9nesis 2; Hebreos 1:10; Hebreos 11:3; \u00c9xodo 31:17; Jerem\u00edas 10:12-13; Apocalipsis 4:11<\/p>\n<h3>6. El hombre<\/h3>\n<p>El hombre fue creado como un ser inteligente por medio de un acto directo de Dios. Fue hecho a la imagen de Dios y con la facultad de escoger. Por el pecado perdi\u00f3 la comuni\u00f3n con Dios, y en su estado ca\u00eddo se enajen\u00f3 de Dios. Sin embargo, por su misericordia, Dios provey\u00f3 una manera para que el hombre pudiera ser otra vez reconciliado a \u00c9l.<br \/>\nG\u00e9nesis 1:27; G\u00e9nesis 1:31; Romanos 7:8; Tito 1:15; Colosenses 3:10; Mateo 19:4<\/p>\n<h3>7. El nuevo nacimiento<\/h3>\n<p>El nuevo nacimiento es la piedra angular de la doctrina de la salvaci\u00f3n. Aquellos que por fe y un arrepentimiento verdadero aceptan la obra redentora de Cristo son redimidos del pecado y nacidos de nuevo. Dios llena el coraz\u00f3n del renacido con paz, seguridad de la salvaci\u00f3n y gracia. El nuevo nacimiento resulta en la conversi\u00f3n de una vida pecaminosa a una vida que produce el fruto del Esp\u00edritu Santo. Es la \u00fanica entrada al reino de Dios.<br \/>\nJuan 3:3-16; Hechos 4:12; 1 Juan 1:6-7; Hebreos 12:22-23; Marcos 1:15; Hechos 17:30; Hechos 20:21<\/p>\n<h3>8. La iglesia de Dios<\/h3>\n<p>La iglesia es el cuerpo de Jesucristo y se compone de todos aquellos que han nacido de nuevo y se han agregado a la iglesia visible por medio del bautismo con agua. Cada miembro de la iglesia de Dios es parte del cuerpo y tiene un trabajo importante que hacer. La iglesia es un refugio para los salvos, nutre a los hijos renacidos de Dios y provee apoyo espiritual para sus miembros. Se distingue por el amor fraternal, el negarse de s\u00ed mismo, un amor sincero de la verdad y una fiel obediencia a la palabra de Dios.<br \/>\nMateo 16:18-19; Efesios 4:4-6; Colosenses 1:18; 1 Corintios 12:13; Hebreos 12:22-24; Hechos 20:28<\/p>\n<h3>9. La gran comisi\u00f3n<\/h3>\n<p>A la iglesia ha sido entregada la gran comisi\u00f3n de declarar y publicar el evangelio por todo el mundo. Inspirada por un amor por la salvaci\u00f3n de la humanidad, ella fielmente ense\u00f1a la palabra de Dios y bautiza a los que aceptan y creen el evangelio.<br \/>\nMateo 28:18-20; Hechos 1:8; Marcos 16:15-18<\/p>\n<h3>10. El bautismo<\/h3>\n<p>Los creyentes renacidos son admitidos en la iglesia visible por medio del bautismo con agua, tal como son admitidos en el reino de Dios por medio del nuevo nacimiento y el bautismo por el Esp\u00edritu Santo. La iglesia sigue practicando el bautismo por derramar como hicieron los Anabaptistas.<br \/>\nMateo 28:19; Hechos 1:5; Hechos 2:16-17; Hechos 2:38; Hechos 2:41; 1 Pedro 3:21<\/p>\n<h3>11. La santa comuni\u00f3n<\/h3>\n<p>Cristo instituy\u00f3 la Santa Comuni\u00f3n en memoria de su sufrimiento y muerte. Este memorial debe ser observado por los cristianos para conmemorar su muerte. Solamente los que son de la misma fe y est\u00e1n en paz con Dios y con los hombres deben participar. En el culto de la comuni\u00f3n celebramos ambos la Santa Cena y el lavamiento de los pies.<br \/>\nLucas 22:19-20; 1 Corintios 10:16-17; 1 Corintios 11:23-34<\/p>\n<h3>12. El lavamiento de los pies<\/h3>\n<p>La ordenanza del lavamiento de los pies debe ser observado literalmente por todos los creyentes de la misma fe. Fue instituido por Cristo juntamente con la Santa Cena. Representa la limpieza interior del cristiano en su caminata de vida, y demuestra la humildad e igualdad de los santos.<br \/>\nJuan 13:4-17; 1 Timoteo 5:10<\/p>\n<h3>13. El matrimonio santo<\/h3>\n<p>El matrimonio fue instituido divinamente para la propagaci\u00f3n, pureza y felicidadde la humanidad. Dios aprueba el matrimonio solamente entre un hombre y una mujer. El matrimonio en la iglesia es permitido solamente entre miembros.<br \/>\nI Corintios 7:39; G\u00e9nesis 2:18; Nehem\u00edas 13:24-31; Marcos 10:2-12; Romanos 7:2; Mateo 5:32; Mateo 19:3-12<\/p>\n<h3>14. La crianza de los hijos<\/h3>\n<p>La responsabilidad de los padres cristianos es criar a sus hijos por los principios b\u00edblicos. La Biblia ense\u00f1a a los padres a amar, criar y disciplinar a sus hijos para que est\u00e9n receptivos al llamamiento de Dios para la salvaci\u00f3n y sean preparados para los desaf\u00edos de la vida.<br \/>\nProverbios 13:24; Deuteronomio 5:16; Efesios 6:1-4; Colosenses 3:20-21<\/p>\n<h3>15. La iglesia y el mundo<\/h3>\n<p>La iglesia y el mundo son instituciones distintas. Tienen diferentes deseos, metas y obras. Los cristianos no se conforman al mundo. Dios ha declarado una norma clara de justicia, el cual no debe ser comprometido por el vestuario mundano, ladiversi\u00f3n u otras atracciones mundanas. El entretenimiento prove\u00eddo por las pel\u00edculas, instrumentos musicales, radio, televisi\u00f3n y uso inapropiado del internet detrae de la santidad y simplicidad de la vida espiritual en Cristo, y debe ser evitado.<br \/>\nMateo 6:24; Romanos 12:1-2; 2 Corintios 6:14-18; 1 Juan 2:15-16; Tito 2:11-14; Efesios 5:11<\/p>\n<h3>16. Lo sagrado de la vida humana<\/h3>\n<p>La vida humana es un obsequio sagrado de Dios. \u00c9l ha creado y sostiene la vida seg\u00fan su voluntad y prop\u00f3sito. Es la obligaci\u00f3n del hombre considerar que toda la vida humana existe para la honra y gloria de Dios. El cristiano reh\u00fasa hacer da\u00f1o a nadie o destruir la vida humana, el cual incluye el aborto o la eutanasia.<br \/>\nG\u00e9nesis 2:7; G\u00e9nesis 9:6; \u00c9xodo 20:13; Salmo 139:13; Salmo 139:15-16; Hechos 17:29; 1 Pedro 2:17<\/p>\n<h3>17. El no resistir<\/h3>\n<p>El evangelio ense\u00f1a enf\u00e1ticamente en contra de la disensi\u00f3n, la contienda y la guerra. Por lo tanto, el creyente no debe tomar parte en disensiones, ni entre personas, ni en los litigios ni en los conflictos entre naciones. Cristo y sus disc\u00edpulos ense\u00f1aron y ejemplificaron la doctrina de no resistir. Ha sido la pr\u00e1ctica de los cristianos verdaderos hasta el tiempo presente.<br \/>\nMateo 5:38-45; Mateo 26:52; Juan 18:36; 1 Corintios 6:1-8; Romanos 12:17-21; 2 Corintios 10:4<\/p>\n<h3>18. La educaci\u00f3n<\/h3>\n<p>El hablar, leer y escribir correcto y apropiadamente son de provecho cuando est\u00e1n hechos en simplicidad y humildad cristiano. La educaci\u00f3n elemental o b\u00e1sica es suficiente para un humilde modo de vivir. Los que se sienten llamados a una vocaci\u00f3n que requiere m\u00e1s que la educaci\u00f3n b\u00e1sica deben comunicar su convicci\u00f3ncon otros, especialmente con los hermanos llamados al liderazgo.<br \/>\nHechos 4:13; Mateo 6:31-32; Hechos 17:16-31; 1 Corintios 1:18-30; 1 Corintios 2:4-8; 1 Pedro 5:5-6<\/p>\n<h3>19. La pureza y la templanza<\/h3>\n<p>El pueblo de Dios debe ser puro, piadoso, respetuoso y moderado en todas las cosas. Cualquier conducta inmoral es prohibida por las Escrituras, y por lo tanto es pecaminoso. El hablar impuro, la profanidad y los vicios como el fumar, beber bebidas alcoh\u00f3licas y usar drogas il\u00edcitas deben ser evitados.<br \/>\n1Pedro 1:15; 1Peter 2:12; 1Peter 3:1;\u00a02 Peter 3:11-14; 2 Corintios 7:1; G\u00e1latas 5:19-25; 1 Juan 3:3<\/p>\n<h3>20. El atav\u00edo modesto<\/h3>\n<p>El cristiano debe vestirse con atav\u00edo modesto. El llevar joyer\u00eda, atav\u00edo costoso o a la moda y ornamentos del cuerpo quitan de la simplicidad del cristiano.<br \/>\nRomanos 12:1-2; Isa\u00edas 3:16-24; 1 Timoteo 2:9-10; 1 Pedro 3:3-5: 1 Juan 2:15-17<\/p>\n<h3>21. La disciplina de la iglesia<\/h3>\n<p>La iglesia es la novia de Cristo y ha de mantenerse pura y sin mancha. Cristo ha hecho provisiones para el gobierno y preservaci\u00f3n de su iglesia visible. Le ha dado autoridad por el Esp\u00edritu Santo para interpretar las escrituras y disciplinar, por medio de la excomuni\u00f3n, a los miembros infieles que reh\u00fasenla amonestaci\u00f3n, vuelvan deliberadamente al pecado o ense\u00f1en doctrina err\u00f3nea.<br \/>\nLos excomulgados deben ser evitados en la confraternidad espiritual y temporal, la cena del Se\u00f1or, el comer juntos y el saludo de paz. La evitaci\u00f3n previene la contaminaci\u00f3n espiritual en la iglesia, y su intento es animar al pecador a arrepentirse para que pueda ser restaurado a la comuni\u00f3n de Cristo y su iglesia. Creemos que esta doctrina debe ser guardada con amor y compasi\u00f3n.<br \/>\nMateo 16:19; Efesios 4:11-16; 1 Pedro 5:1-6; Mateo 18:8-9; Mateo 18:15-18; Romanos 16:17-18; 1 Corintios 5:9-13; 2 Tesalonicenses 3:6; 2 Tesalonicenses 3: 10-15<\/p>\n<h3>22. La barba<\/h3>\n<p>Creemos que la barba del hombre le crece por orden de la creaci\u00f3n. Llevar la barba indica respeto para el orden de Dios. El antiguo testamento y las profec\u00edas de Isa\u00edas acerca de Cristo (Isa\u00edas 50:6) proveen evidencias hist\u00f3ricas. Hay amplios escritos de la iglesia cristiana temprana que apoyan esta pr\u00e1ctica bajo la era evang\u00e9lica.<br \/>\nG\u00e9nesis 1:26-27,31; Romanos 9:20; Isa\u00edas 50:6; Lev\u00edtico 19:27; Lev\u00edtico 21:5; Mateo 5:17-19<\/p>\n<h3>23. El velo devocional<\/h3>\n<p>El velo devocional es una ordenanza divina. Es una se\u00f1al visible de sumisi\u00f3n a la orden de Dios. Una mujer cristiana debe tener la cabeza cubierta con un velo devocional para orar y como una muestra de la sumisi\u00f3n.<br \/>\n1 Corintios 11:1-16<\/p>\n<h3>24. El saludo cristiano<\/h3>\n<p>Creemos que el beso santo debe ser observado entre creyentes cristianos de la misma fe y g\u00e9nero como expresi\u00f3n de amor y v\u00ednculo espiritual.<br \/>\nRomanos 16:16; 1 Pedro 5:14; 1 Corintios 16:20; 2 Corintios 13:12<\/p>\n<h3>25. La iglesia y el estado<\/h3>\n<p>Las escrituras ense\u00f1an que la autoridad del gobierno civil es ordenada por Dios. Sin embargo, debe de haber una separaci\u00f3n completa entrela iglesia y el estado. Aunque debemos estar sujetos a las autoridades, los cristianos deben su primera lealtad a Dios. Creemos que los cristianos no deben servir en el gobierno civil ni en puestos que requieren el uso de fuerza.<br \/>\nJuan 18:36; Hechos 5:29; Romanos 13:1-5; Hebreos 11:13<\/p>\n<h3>26. El juramento<\/h3>\n<p>El juramento es prohibido en la dispensaci\u00f3n evang\u00e9lica para cualquier prop\u00f3sito y en toda circunstancia. La mayor\u00eda de los gobiernos permiten una declaraci\u00f3n de afirmaci\u00f3n en lugar de un juramento.<br \/>\nMateo 5:34-37; Santiago 5:12; \u00c9xodo 20:7<\/p>\n<h3>27. Los milagros y la sanidad divina<\/h3>\n<p>Los milagros de la Biblia eran sucesos extraordinarios y son literalmente verdaderos. Son manifestaciones maravillosas del poder divino de Dios.<br \/>\nLa sanidad divina se encuentra dentro del \u00e1mbito de los milagros. Los \u201cancianos\u201d de la iglesia deben ungir con aceite y orar por los enfermos que piden con fe.<br \/>\nMateo 12:40; Hechos 1:3; Hechos 2:22; Hechos 4:16; Santiago 5:14-15; Marcos 6:13; Marcos 16:18<\/p>\n<h3>28. El reino actual de Cristo<\/h3>\n<p>El evangelio ense\u00f1a un reino espiritual de los creyentes con Cristo. Este reino espiritual de Cristo, dentro de sus seguidores y con ellos, ha prevalecido desde el principio de la era del evangelio, y jam\u00e1s terminar\u00e1. No creemos que habr\u00e1 un reino diferente a \u00e9ste sobre la tierra en el futuro.<br \/>\nJuan 18:36; Romanos 5:17; 1 Corintios 4:8; Efesios 3:17-19; Apocalipsis 1:5-6; Lucas 17:20-21<\/p>\n<h3>29. La segunda venida del Se\u00f1or<\/h3>\n<p>La segunda venida personal e inminente del Se\u00f1or Jes\u00fas es la esperanza bendita del creyente. Vendr\u00e1, no en humillaci\u00f3n, ni para reinar aqu\u00ed en la tierra, sino para recoger sus seguidores verdaderos y juzgar al mundo.<br \/>\nMateo 24: 29-31; Mateo 24:42-44; Mateo 25:31-32; Marcos 13:24-27; Tito 2:13; Hechos 1:11; 2 Corintios 5:10; Apocalipsis 1:7; Apocalipsis 20:11-15<\/p>\n<h3>30. La resurrecci\u00f3n<\/h3>\n<p>Cuando Cristo vuelva habr\u00e1 una resurrecci\u00f3n corporal de los muertos. Todos los que han vivido y muerto ser\u00e1n resucitados y vivificados eternamente por el poder incomprensible de Dios. \u00c9stos, juntamente con los que est\u00e1nvivos a su regreso, ser\u00e1n juzgados por Cristo. Los justos ser\u00e1n separados de los malos, y cada uno recibir\u00e1 su recompensa eterna.<br \/>\nDaniel 12:2; Juan 5:28-29; 1 Corintios 15; Mateo 22: 28-32; 1 Tesalonicenses 4:13-17; Juan 11:24-25; Apocalipsis 20:13<\/p>\n<h3>31. El infierno<\/h3>\n<p>Jesucristo y los ap\u00f3stoles ense\u00f1aron claramente que el infierno es un lugar de castigo eterno. Es la morada eterna de los perdidos. Todos los que han rechazado a Cristo ser\u00e1n castigados eternamente en el lago de azufre y fuego.<br \/>\nSalmo 9:17; Mateo 25:41-46; Apocalipsis 14:11; Apocalipsis 20:10-15; Juan 5:28-29; 2 Pedro 3:10-12; 2 Juan 7; Judas 7<\/p>\n<h3>32. El cielo<\/h3>\n<p>Jes\u00fas ha preparado el cielo para los que son salvos. Los justos, los que se han salvado por la sangre de Jes\u00fas y han perseverado hasta el fin, ser\u00e1n glorificados. Pasar\u00e1n la eternidad en el reino de felicidad sin fin con Dios, Jesucristo, el Esp\u00edritu Santo y los santos \u00e1ngeles.<br \/>\nDaniel 12:2-3; Mateo 25:34; Mateo 25:46; 2 Corintios 5:1; Apocalipsis 22:5; 2 Pedro 3:13; Apocalipsis 14:13; Apocalipsis 21:1-5<\/p>\n\t\t\t\t\t\t\t\t<\/div>\n\t\t\t\t<\/div>\n\t\t\t\t\t<\/div>\n\t\t<\/div>\n\t\t\t\t\t<\/div>\n\t\t<\/section>\n\t\t\t\t<\/div>\n\t\t","protected":false},"excerpt":{"rendered":"<p>Lo que creemos Resumen: Creemos que todas las personas pueden tener la salvaci\u00f3n por Jesucristo, quien muri\u00f3 para quitar nuestros pecados. 1. Dios el Padre Creemos que hay un Ser \u00fanico, eterno, santo y supremo. \u00c9l es el Dios todopoderoso de ilimitado sabidur\u00eda, majestad, poder y amor. \u00c9l es la fuente de todo lo que [&hellip;]<\/p>\n","protected":false},"author":5,"featured_media":0,"parent":0,"menu_order":0,"comment_status":"closed","ping_status":"closed","template":"","meta":{"footnotes":""},"class_list":["post-452","page","type-page","status-publish","hentry"],"_links":{"self":[{"href":"https:\/\/churchofgodinchristmennonite.net\/es\/wp-json\/wp\/v2\/pages\/452","targetHints":{"allow":["GET"]}}],"collection":[{"href":"https:\/\/churchofgodinchristmennonite.net\/es\/wp-json\/wp\/v2\/pages"}],"about":[{"href":"https:\/\/churchofgodinchristmennonite.net\/es\/wp-json\/wp\/v2\/types\/page"}],"author":[{"embeddable":true,"href":"https:\/\/churchofgodinchristmennonite.net\/es\/wp-json\/wp\/v2\/users\/5"}],"replies":[{"embeddable":true,"href":"https:\/\/churchofgodinchristmennonite.net\/es\/wp-json\/wp\/v2\/comments?post=452"}],"version-history":[{"count":23,"href":"https:\/\/churchofgodinchristmennonite.net\/es\/wp-json\/wp\/v2\/pages\/452\/revisions"}],"predecessor-version":[{"id":1726,"href":"https:\/\/churchofgodinchristmennonite.net\/es\/wp-json\/wp\/v2\/pages\/452\/revisions\/1726"}],"wp:attachment":[{"href":"https:\/\/churchofgodinchristmennonite.net\/es\/wp-json\/wp\/v2\/media?parent=452"}],"curies":[{"name":"wp","href":"https:\/\/api.w.org\/{rel}","templated":true}]}}